{"id":8868,"date":"2024-10-14T09:24:14","date_gmt":"2024-10-14T07:24:14","guid":{"rendered":"https:\/\/essenciarestaurant.hu\/?page_id=8868"},"modified":"2026-03-31T13:56:32","modified_gmt":"2026-03-31T11:56:32","slug":"tasting-menu","status":"publish","type":"page","link":"http:\/\/essenciarestaurant.hu\/en\/tasting-menu\/","title":{"rendered":"Tasting menus"},"content":{"rendered":"<div data-vc-full-width=\"true\" data-vc-full-width-init=\"false\" data-vc-stretch-content=\"true\" class=\"vc_row wpb_row vc_row-fluid vc_custom_1761256781321 vc_row-has-fill\" ><div class=\"wpb_column vc_column_container vc_col-sm-12\"><div class=\"vc_column-inner\"><div class=\"wpb_wrapper\"><div class=\"vc_empty_space\"   style=\"height: 400px\"><span class=\"vc_empty_space_inner\"><\/span><\/div><\/div><\/div><\/div><\/div><div class=\"vc_row-full-width vc_clearfix\"><\/div><div class=\"vc_row wpb_row vc_row-fluid vc_custom_1661945856225\" ><div class=\"wpb_column vc_column_container vc_col-sm-12\"><div class=\"vc_column-inner\"><div class=\"wpb_wrapper\">\n\t<div class=\"wpb_text_column wpb_content_element  blue-title\" >\n\t\t<div class=\"wpb_wrapper\">\n\t\t\t<h2 style=\"text-align: center;\"><strong>At dinner time, only degustation menus are offered.<\/strong><\/h2>\n\n\t\t<\/div>\n\t<\/div>\n<\/div><\/div><\/div><\/div><div class=\"vc_row wpb_row vc_row-fluid vc_custom_1661945821151\" ><div class=\"wpb_column vc_column_container vc_col-sm-12\"><div class=\"vc_column-inner\"><div class=\"wpb_wrapper\">\n\t<div  class=\"wpb_single_image wpb_content_element vc_align_center\">\n\t\t\n\t\t<figure class=\"wpb_wrapper vc_figure\">\n\t\t\t<div class=\"vc_single_image-wrapper   vc_box_border_grey\"><img decoding=\"async\" class=\"vc_single_image-img\" src=\"https:\/\/essenciarestaurant.hu\/wp-content\/uploads\/2022\/08\/unnamed-2-1-50x50.png\" width=\"50\" height=\"50\" alt=\"unnamed (2) (1)\" title=\"unnamed (2) (1)\" \/><\/div>\n\t\t<\/figure>\n\t<\/div>\n\n\t<div class=\"wpb_text_column wpb_content_element  blue-title\" >\n\t\t<div class=\"wpb_wrapper\">\n\t\t\t<h2 style=\"text-align: center;\">17th MAY<\/h2>\n<h3 style=\"text-align: center;\"><strong>7 course tasting menu<\/strong><\/h3>\n\n\t\t<\/div>\n\t<\/div>\n<\/div><\/div><\/div><\/div><div class=\"vc_row wpb_row vc_row-fluid vc_custom_1661945221771\" ><div class=\"wpb_column vc_column_container vc_col-sm-12\"><div class=\"vc_column-inner\"><div class=\"wpb_wrapper\">\n\t<div class=\"wpb_text_column wpb_content_element  blue-text\" >\n\t\t<div class=\"wpb_wrapper\">\n\t\t\t<div class=\"page\" title=\"Swordfish, raspberry, kapia pepper\">\n<div class=\"section\">\n<div class=\"layoutArea\">\n<div class=\"column\">\n<p><strong>Duck liver, rhubarb, mango<\/strong><\/p>\n<\/div>\n<\/div>\n<\/div>\n<\/div>\n<p>&nbsp;<\/p>\n<p><strong>Beetroot, Stracciatella, pistachio&nbsp;<\/strong><\/p>\n<p>&nbsp;<\/p>\n<p><strong>\"The Lobster\"<\/strong><\/p>\n<p>+ 12 900 HUF<\/p>\n<div class=\"page\" title=\"Swordfish, raspberry, kapia pepper\">\n<div class=\"section\">\n<div class=\"layoutArea\">\n<div class=\"column\">\n<p>or<\/p>\n<\/div>\n<\/div>\n<\/div>\n<\/div>\n<p><strong>\"The Octopus\"<\/strong><\/p>\n<p>&nbsp;<\/p>\n<p><strong>Oscietra caviar &amp; olive oil ice cream<\/strong><\/p>\n<p>+ 9 900 HUF<\/p>\n<p>&nbsp;<\/p>\n<p><strong>Cod, wild broccoli, \"nage\"<\/strong><\/p>\n<p>or<\/p>\n<div class=\"page\" title=\"Swordfish, raspberry, kapia pepper\">\n<div class=\"section\">\n<div class=\"layoutArea\">\n<div class=\"column\">\n<p><strong>Quail, green peas, mint<\/strong><\/p>\n<\/div>\n<\/div>\n<\/div>\n<\/div>\n<p>&nbsp;<\/p>\n<div class=\"page\" title=\"Swordfish, raspberry, kapia pepper\">\n<div class=\"section\">\n<div class=\"layoutArea\">\n<div class=\"column\">\n<p><strong>Beef sirloin, green asparagus, black garlic<\/strong><br \/>\nor<br \/>\n<strong>Saddle of deer, potato pav\u00e9, forest fruit<\/strong><\/p>\n<\/div>\n<p>&nbsp;<\/p>\n<\/div>\n<\/div>\n<\/div>\n<p><strong>&#8222;Queijada de \u00c9vora&#8221;<\/strong><\/p>\n<p>&nbsp;<\/p>\n<p><strong>\"Semolina pudding\"<\/strong><\/p>\n<p><strong><span id=\"page4R_mcid10\" class=\"markedContent\"><br role=\"presentation\"><span dir=\"ltr\" role=\"presentation\">7 course tasting menu \u2013 52 900 HUF<\/span><\/span><span id=\"page4R_mcid11\" class=\"markedContent\"><br role=\"presentation\"><span dir=\"ltr\" role=\"presentation\">with non-alcoholic pairing \u2013 73 900 HUF<\/span><\/span><span id=\"page4R_mcid12\" class=\"markedContent\"><br role=\"presentation\"><span dir=\"ltr\" role=\"presentation\">with wine pairing \u2013 82 900 HUF<\/span><\/span><span id=\"page4R_mcid13\" class=\"markedContent\"><br role=\"presentation\"><span dir=\"ltr\" role=\"presentation\">with international wine pairing \u2013 92 900 HUF<\/span><\/span><\/strong><\/p>\n\n\t\t<\/div>\n\t<\/div>\n\n\t<div  class=\"wpb_single_image wpb_content_element vc_align_center\">\n\t\t\n\t\t<figure class=\"wpb_wrapper vc_figure\">\n\t\t\t<div class=\"vc_single_image-wrapper   vc_box_border_grey\"><img decoding=\"async\" class=\"vc_single_image-img\" src=\"https:\/\/essenciarestaurant.hu\/wp-content\/uploads\/2022\/08\/unnamed-2-1-50x50.png\" width=\"50\" height=\"50\" alt=\"unnamed (2) (1)\" title=\"unnamed (2) (1)\" \/><\/div>\n\t\t<\/figure>\n\t<\/div>\n\n\t<div class=\"wpb_text_column wpb_content_element  blue-title\" >\n\t\t<div class=\"wpb_wrapper\">\n\t\t\t<h2 style=\"text-align: center;\">17th MAY<\/h2>\n<h3 style=\"text-align: center;\">5 course tasting menu<\/h3>\n\n\t\t<\/div>\n\t<\/div>\n<\/div><\/div><\/div><\/div><div class=\"vc_row wpb_row vc_row-fluid vc_custom_1661945221771\" ><div class=\"wpb_column vc_column_container vc_col-sm-12\"><div class=\"vc_column-inner\"><div class=\"wpb_wrapper\">\n\t<div class=\"wpb_text_column wpb_content_element  blue-text\" >\n\t\t<div class=\"wpb_wrapper\">\n\t\t\t<div class=\"page\" title=\"Swordfish, raspberry, kapia pepper\">\n<div class=\"section\">\n<div class=\"layoutArea\">\n<div class=\"column\">\n<p><strong>Trout, cucumber, horseradish<\/strong><\/p>\n<p>&nbsp;<\/p>\n<\/div>\n<\/div>\n<\/div>\n<\/div>\n<p><strong>Beetroot, Stracciatella, pistachio<\/strong><\/p>\n<p>&nbsp;<\/p>\n<p><strong>Oscietra caviar &amp; olive oil ice cream<\/strong><\/p>\n<p>+ 9 900 HUF<\/p>\n<p>&nbsp;<\/p>\n<p><strong>Cod, wild broccoli, \"nage\"<\/strong><\/p>\n<p>or<\/p>\n<div class=\"page\" title=\"Swordfish, raspberry, kapia pepper\">\n<div class=\"section\">\n<div class=\"layoutArea\">\n<div class=\"column\">\n<p><strong>Quail, green peas, mint<\/strong><\/p>\n<\/div>\n<\/div>\n<\/div>\n<\/div>\n<p>&nbsp;<\/p>\n<div class=\"page\" title=\"Swordfish, raspberry, kapia pepper\">\n<div class=\"section\">\n<div class=\"layoutArea\">\n<div class=\"column\">\n<p><strong>Beef sirloin, green asparagus, black garlic<\/strong><br \/>\nor<br \/>\n<strong>Saddle of deer, potato pav\u00e9, forest fruit<\/strong><\/p>\n<\/div>\n<\/div>\n<\/div>\n<\/div>\n<p>&nbsp;<\/p>\n<p><strong>&#8222;Queijada de \u00c9vora&#8221;<\/strong><\/p>\n<p>or<\/p>\n<p><strong>\"Semolina pudding\"<\/strong><\/p>\n<p>&nbsp;<\/p>\n<p><strong>Cheese selection<\/strong><\/p>\n<p>+ 4 200 HUF<\/p>\n<p><strong><span id=\"page4R_mcid10\" class=\"markedContent\"><br role=\"presentation\"><span dir=\"ltr\" role=\"presentation\">5 course tasting menu \u2013 41 900 HUF<\/span><\/span><span id=\"page4R_mcid11\" class=\"markedContent\"><br role=\"presentation\"><span dir=\"ltr\" role=\"presentation\">with non-alcoholic pairing \u2013 56 900 HUF<\/span><\/span><span id=\"page4R_mcid12\" class=\"markedContent\"><br role=\"presentation\"><span dir=\"ltr\" role=\"presentation\">with wine pairing \u2013 65 400 HUF<\/span><\/span><span id=\"page4R_mcid13\" class=\"markedContent\"><br role=\"presentation\"><span dir=\"ltr\" role=\"presentation\">with international wine pairing \u2013 74 900 HUF<\/span><\/span><\/strong><\/p>\n\n\t\t<\/div>\n\t<\/div>\n<\/div><\/div><\/div><\/div><div class=\"vc_row wpb_row vc_row-fluid vc_custom_1661946110774\" ><div class=\"wpb_column vc_column_container vc_col-sm-12\"><div class=\"vc_column-inner\"><div class=\"wpb_wrapper\">\n\t<div class=\"wpb_text_column wpb_content_element  blue-text\" >\n\t\t<div class=\"wpb_wrapper\">\n\t\t\t<div class=\"vc_row wpb_row vc_row-fluid vc_custom_1633598083597\">\n<div class=\"wpb_column vc_column_container vc_col-sm-12\">\n<div class=\"vc_column-inner\">\n<div class=\"wpb_wrapper\">\n<div class=\"wpb_text_column wpb_content_element\">\n<div class=\"wpb_wrapper\">\n<p style=\"text-align: center;\"><span id=\"page12R_mcid110\" class=\"markedContent\"><span dir=\"ltr\" role=\"presentation\">All prices are inclusive of VAT. A total of 15% of service charge will be added to your bill.<\/span><\/span><span id=\"page12R_mcid113\" class=\"markedContent\"><span dir=\"ltr\" role=\"presentation\"><br \/>\n<\/span><\/span><\/p>\n<\/div>\n<\/div>\n<\/div>\n<\/div>\n<\/div>\n<\/div>\n\n\t\t<\/div>\n\t<\/div>\n<\/div><\/div><\/div><\/div><div class=\"vc_row wpb_row vc_row-fluid vc_custom_1661946124429\" ><div class=\"wpb_column vc_column_container vc_col-sm-12\"><div class=\"vc_column-inner\"><div class=\"wpb_wrapper\"><div class=\"vc_btn3-container vc_btn3-center\" ><a class=\"vc_general vc_btn3 vc_btn3-size-lg vc_btn3-shape-square vc_btn3-style-classic vc_btn3-color-black\" href=\"https:\/\/book.dinnerbooking.com\/hu\/en-US\/book\/index\/3492\/2\" title=\"Reservations\">RESERVATION &amp; INFORMATIONS<\/a><\/div><\/div><\/div><\/div><\/div>","protected":false},"excerpt":{"rendered":"Vacsoraid\u0151ben csak deguszt\u00e1ci\u00f3s men\u00fcket k\u00edn\u00e1lunk. M\u00c1JUS 17 7 fog\u00e1sos men\u00fc Kacsam\u00e1j, rebarbara, mang\u00f3 &nbsp; C\u00e9kla, Stracciatella, piszt\u00e1cia&nbsp; &nbsp; Hom\u00e1r + 12 900 Ft vagy Polip &nbsp; Oscietra kavi\u00e1r &amp; ol\u00edvaolaj fagylalt + 9 900 Ft &nbsp; T\u0151kehal, vadbrokkoli, \"nage\" vagy F\u00fcrj, z\u00f6ldbors\u00f3. menta &nbsp; Marha h\u00e1tsz\u00edn, z\u00f6ldsp\u00e1rga, fekete fokhagyma vagy \u0150zgerinc, burgonya pav\u00e9, erdei gy\u00fcm\u00f6lcs &nbsp; \"Queijada de \u00c9vora\" &nbsp; \"Tejbegr\u00edz\" 7 fog\u00e1sos men\u00fc \u2013 52 900 Ftalkoholmentes p\u00e1ros\u00edt\u00e1ssal \u2013 73 900 Ftbor p\u00e1ros\u00edt\u00e1ssal \u2013 82 900 Ftnemzetk\u00f6zi bor p\u00e1ros\u00edt\u00e1ssal \u2013 92 900 Ft M\u00c1JUS 17 5 fog\u00e1sos men\u00fc Pisztr\u00e1ng, uborka, torma &nbsp; C\u00e9kla, Stracciatella, piszt\u00e1cia &nbsp; Oscietra kavi\u00e1r &amp; [...]","protected":false},"author":4,"featured_media":0,"parent":0,"menu_order":0,"comment_status":"closed","ping_status":"closed","template":"","meta":{"ngg_post_thumbnail":0,"footnotes":""},"class_list":["post-8868","page","type-page","status-publish","hentry"],"yoast_head":"<!-- This site is optimized with the Yoast SEO plugin v25.5 - https:\/\/yoast.com\/wordpress\/plugins\/seo\/ -->\n<title>Vacsora - Essencia Restaurant<\/title>\n<meta name=\"robots\" content=\"index, follow, max-snippet:-1, max-image-preview:large, max-video-preview:-1\" \/>\n<link rel=\"canonical\" href=\"http:\/\/essenciarestaurant.hu\/en\/tasting-menu\/\" \/>\n<meta property=\"og:locale\" content=\"en_GB\" \/>\n<meta property=\"og:type\" content=\"article\" \/>\n<meta property=\"og:title\" content=\"Vacsora - Essencia Restaurant\" \/>\n<meta property=\"og:url\" content=\"http:\/\/essenciarestaurant.hu\/en\/tasting-menu\/\" \/>\n<meta property=\"og:site_name\" content=\"Essencia Restaurant\" \/>\n<meta property=\"article:publisher\" content=\"https:\/\/www.facebook.com\/Ess%c3%aancia-Restaurant-Tiago-%c3%89va-105859964299066\/\" \/>\n<meta property=\"article:modified_time\" content=\"2026-03-31T11:56:32+00:00\" \/>\n<meta property=\"og:image\" content=\"https:\/\/essenciarestaurant.hu\/wp-content\/uploads\/2020\/06\/story-featured.jpg\" \/>\n\t<meta property=\"og:image:width\" content=\"1300\" \/>\n\t<meta property=\"og:image:height\" content=\"693\" \/>\n\t<meta property=\"og:image:type\" content=\"image\/jpeg\" \/>\n<meta name=\"twitter:card\" content=\"summary_large_image\" \/>\n<meta name=\"twitter:label1\" content=\"Estimated reading time\" \/>\n\t<meta name=\"twitter:data1\" content=\"2 minutes\" \/>\n<script type=\"application\/ld+json\" class=\"yoast-schema-graph\">{\"@context\":\"https:\/\/schema.org\",\"@graph\":[{\"@type\":\"WebPage\",\"@id\":\"http:\/\/essenciarestaurant.hu\/degusztacios-menu\/\",\"url\":\"http:\/\/essenciarestaurant.hu\/degusztacios-menu\/\",\"name\":\"Vacsora - Essencia Restaurant\",\"isPartOf\":{\"@id\":\"https:\/\/essenciarestaurant.hu\/en\/#website\"},\"datePublished\":\"2024-10-14T07:24:14+00:00\",\"dateModified\":\"2026-03-31T11:56:32+00:00\",\"breadcrumb\":{\"@id\":\"http:\/\/essenciarestaurant.hu\/degusztacios-menu\/#breadcrumb\"},\"inLanguage\":\"en-GB\",\"potentialAction\":[{\"@type\":\"ReadAction\",\"target\":[\"http:\/\/essenciarestaurant.hu\/degusztacios-menu\/\"]}]},{\"@type\":\"BreadcrumbList\",\"@id\":\"http:\/\/essenciarestaurant.hu\/degusztacios-menu\/#breadcrumb\",\"itemListElement\":[{\"@type\":\"ListItem\",\"position\":1,\"name\":\"Kezd\u0151lap\",\"item\":\"https:\/\/essenciarestaurant.hu\/\"},{\"@type\":\"ListItem\",\"position\":2,\"name\":\"Deguszt\u00e1ci\u00f3s men\u00fc\"}]},{\"@type\":\"WebSite\",\"@id\":\"https:\/\/essenciarestaurant.hu\/en\/#website\",\"url\":\"https:\/\/essenciarestaurant.hu\/en\/\",\"name\":\"Essencia Restaurant\",\"description\":\"Essencia Restaurant\",\"potentialAction\":[{\"@type\":\"SearchAction\",\"target\":{\"@type\":\"EntryPoint\",\"urlTemplate\":\"https:\/\/essenciarestaurant.hu\/en\/?s={search_term_string}\"},\"query-input\":{\"@type\":\"PropertyValueSpecification\",\"valueRequired\":true,\"valueName\":\"search_term_string\"}}],\"inLanguage\":\"en-GB\"}]}<\/script>\n<!-- \/ Yoast SEO plugin. -->","yoast_head_json":{"title":"Vacsora - Essencia Restaurant","robots":{"index":"index","follow":"follow","max-snippet":"max-snippet:-1","max-image-preview":"max-image-preview:large","max-video-preview":"max-video-preview:-1"},"canonical":"http:\/\/essenciarestaurant.hu\/en\/tasting-menu\/","og_locale":"en_GB","og_type":"article","og_title":"Vacsora - Essencia Restaurant","og_url":"http:\/\/essenciarestaurant.hu\/en\/tasting-menu\/","og_site_name":"Essencia Restaurant","article_publisher":"https:\/\/www.facebook.com\/Ess%c3%aancia-Restaurant-Tiago-%c3%89va-105859964299066\/","article_modified_time":"2026-03-31T11:56:32+00:00","og_image":[{"width":1300,"height":693,"url":"https:\/\/essenciarestaurant.hu\/wp-content\/uploads\/2020\/06\/story-featured.jpg","type":"image\/jpeg"}],"twitter_card":"summary_large_image","twitter_misc":{"Estimated reading time":"2 minutes"},"schema":{"@context":"https:\/\/schema.org","@graph":[{"@type":"WebPage","@id":"http:\/\/essenciarestaurant.hu\/degusztacios-menu\/","url":"http:\/\/essenciarestaurant.hu\/degusztacios-menu\/","name":"Vacsora - Essencia Restaurant","isPartOf":{"@id":"https:\/\/essenciarestaurant.hu\/en\/#website"},"datePublished":"2024-10-14T07:24:14+00:00","dateModified":"2026-03-31T11:56:32+00:00","breadcrumb":{"@id":"http:\/\/essenciarestaurant.hu\/degusztacios-menu\/#breadcrumb"},"inLanguage":"en-GB","potentialAction":[{"@type":"ReadAction","target":["http:\/\/essenciarestaurant.hu\/degusztacios-menu\/"]}]},{"@type":"BreadcrumbList","@id":"http:\/\/essenciarestaurant.hu\/degusztacios-menu\/#breadcrumb","itemListElement":[{"@type":"ListItem","position":1,"name":"Kezd\u0151lap","item":"https:\/\/essenciarestaurant.hu\/"},{"@type":"ListItem","position":2,"name":"Deguszt\u00e1ci\u00f3s men\u00fc"}]},{"@type":"WebSite","@id":"https:\/\/essenciarestaurant.hu\/en\/#website","url":"https:\/\/essenciarestaurant.hu\/en\/","name":"Essencia Restaurant","description":"Essencia Restaurant","potentialAction":[{"@type":"SearchAction","target":{"@type":"EntryPoint","urlTemplate":"https:\/\/essenciarestaurant.hu\/en\/?s={search_term_string}"},"query-input":{"@type":"PropertyValueSpecification","valueRequired":true,"valueName":"search_term_string"}}],"inLanguage":"en-GB"}]}},"_links":{"self":[{"href":"https:\/\/essenciarestaurant.hu\/en\/wp-json\/wp\/v2\/pages\/8868","targetHints":{"allow":["GET"]}}],"collection":[{"href":"https:\/\/essenciarestaurant.hu\/en\/wp-json\/wp\/v2\/pages"}],"about":[{"href":"https:\/\/essenciarestaurant.hu\/en\/wp-json\/wp\/v2\/types\/page"}],"author":[{"embeddable":true,"href":"https:\/\/essenciarestaurant.hu\/en\/wp-json\/wp\/v2\/users\/4"}],"replies":[{"embeddable":true,"href":"https:\/\/essenciarestaurant.hu\/en\/wp-json\/wp\/v2\/comments?post=8868"}],"version-history":[{"count":18,"href":"https:\/\/essenciarestaurant.hu\/en\/wp-json\/wp\/v2\/pages\/8868\/revisions"}],"predecessor-version":[{"id":9909,"href":"https:\/\/essenciarestaurant.hu\/en\/wp-json\/wp\/v2\/pages\/8868\/revisions\/9909"}],"wp:attachment":[{"href":"https:\/\/essenciarestaurant.hu\/en\/wp-json\/wp\/v2\/media?parent=8868"}],"curies":[{"name":"wp","href":"https:\/\/api.w.org\/{rel}","templated":true}]}}