{"id":8128,"date":"2022-09-02T08:12:06","date_gmt":"2022-09-02T06:12:06","guid":{"rendered":"https:\/\/essenciarestaurant.hu\/?page_id=8128"},"modified":"2026-03-31T13:57:26","modified_gmt":"2026-03-31T11:57:26","slug":"a-la-carte","status":"publish","type":"page","link":"http:\/\/essenciarestaurant.hu\/en\/alacarte\/","title":{"rendered":"A la carte"},"content":{"rendered":"<div data-vc-full-width=\"true\" data-vc-full-width-init=\"false\" data-vc-stretch-content=\"true\" class=\"vc_row wpb_row vc_row-fluid vc_custom_1761256734705 vc_row-has-fill\" ><div class=\"wpb_column vc_column_container vc_col-sm-12\"><div class=\"vc_column-inner\"><div class=\"wpb_wrapper\"><div class=\"vc_empty_space\"   style=\"height: 400px\"><span class=\"vc_empty_space_inner\"><\/span><\/div><\/div><\/div><\/div><\/div><div class=\"vc_row-full-width vc_clearfix\"><\/div><div class=\"vc_row wpb_row vc_row-fluid vc_custom_1661945856225\" ><div class=\"wpb_column vc_column_container vc_col-sm-12\"><div class=\"vc_column-inner\"><div class=\"wpb_wrapper\">\n\t<div class=\"wpb_text_column wpb_content_element  blue-title\" >\n\t\t<div class=\"wpb_wrapper\">\n\t\t\t<h2 style=\"text-align: center;\"><strong><br \/>\nAt lunchtime, in addition to our tasting menus, we also offer an \u201c\u00e0 la carte\u201d menu!<br \/>\n<\/strong><\/h2>\n\n\t\t<\/div>\n\t<\/div>\n<\/div><\/div><\/div><\/div><div class=\"vc_row wpb_row vc_row-fluid vc_custom_1661945821151\" ><div class=\"wpb_column vc_column_container vc_col-sm-12\"><div class=\"vc_column-inner\"><div class=\"wpb_wrapper\">\n\t<div  class=\"wpb_single_image wpb_content_element vc_align_center\">\n\t\t\n\t\t<figure class=\"wpb_wrapper vc_figure\">\n\t\t\t<div class=\"vc_single_image-wrapper   vc_box_border_grey\"><img decoding=\"async\" class=\"vc_single_image-img\" src=\"https:\/\/essenciarestaurant.hu\/wp-content\/uploads\/2022\/08\/unnamed-2-1-50x50.png\" width=\"50\" height=\"50\" alt=\"unnamed (2) (1)\" title=\"unnamed (2) (1)\" \/><\/div>\n\t\t<\/figure>\n\t<\/div>\n\n\t<div class=\"wpb_text_column wpb_content_element  blue-title\" >\n\t\t<div class=\"wpb_wrapper\">\n\t\t\t<h2 style=\"text-align: center;\">STARTERS<\/h2>\n\n\t\t<\/div>\n\t<\/div>\n<\/div><\/div><\/div><\/div><div class=\"vc_row wpb_row vc_row-fluid vc_custom_1661945221771\" ><div class=\"wpb_column vc_column_container vc_col-sm-12\"><div class=\"vc_column-inner\"><div class=\"wpb_wrapper\">\n\t<div class=\"wpb_text_column wpb_content_element  blue-text\" >\n\t\t<div class=\"wpb_wrapper\">\n\t\t\t<div class=\"page\" title=\"Page 3\">\n<div class=\"section\">\n<div class=\"layoutArea\">\n<div class=\"column\">\n<p><strong>Duck liver, rhubarb, mango<\/strong><br \/>\n<strong>8 100 HUF<\/strong><\/p>\n<p>&nbsp;<\/p>\n<\/div>\n<\/div>\n<\/div>\n<\/div>\n<p><strong>Polip, gnocchi, kaliforniai paprika<\/strong><br \/>\n<strong>9 500 HUF<\/strong><\/p>\n<p>&nbsp;<\/p>\n<p><strong>Beetroot, Stracciatella, pistachio<\/strong><\/p>\n<p><strong>6 800 HUF<\/strong><\/p>\n\n\t\t<\/div>\n\t<\/div>\n<\/div><\/div><\/div><\/div><div class=\"vc_row wpb_row vc_row-fluid vc_custom_1661945747895\" ><div class=\"wpb_column vc_column_container vc_col-sm-12\"><div class=\"vc_column-inner\"><div class=\"wpb_wrapper\">\n\t<div  class=\"wpb_single_image wpb_content_element vc_align_center\">\n\t\t\n\t\t<figure class=\"wpb_wrapper vc_figure\">\n\t\t\t<div class=\"vc_single_image-wrapper   vc_box_border_grey\"><img decoding=\"async\" class=\"vc_single_image-img\" src=\"https:\/\/essenciarestaurant.hu\/wp-content\/uploads\/2022\/08\/unnamed-2-1-50x50.png\" width=\"50\" height=\"50\" alt=\"unnamed (2) (1)\" title=\"unnamed (2) (1)\" \/><\/div>\n\t\t<\/figure>\n\t<\/div>\n\n\t<div class=\"wpb_text_column wpb_content_element  blue-title\" >\n\t\t<div class=\"wpb_wrapper\">\n\t\t\t<h2 style=\"text-align: center;\">MAIN COURSES<\/h2>\n\n\t\t<\/div>\n\t<\/div>\n<\/div><\/div><\/div><\/div><div class=\"vc_row wpb_row vc_row-fluid vc_custom_1661945225437\" ><div class=\"wpb_column vc_column_container vc_col-sm-12\"><div class=\"vc_column-inner\"><div class=\"wpb_wrapper\">\n\t<div class=\"wpb_text_column wpb_content_element  blue-text\" >\n\t\t<div class=\"wpb_wrapper\">\n\t\t\t<p><strong>Cod, wild broccoli, \"nage\"<\/strong><br \/>\n<strong>13 800 HUF<\/strong><\/p>\n<p>&nbsp;<\/p>\n<div class=\"page\" title=\"Page 3\">\n<div class=\"section\">\n<div class=\"layoutArea\">\n<div class=\"column\">\n<p><strong>Beef sirloin, green asparagus, black garlic<br \/>\n<\/strong><strong>14 800 HUF<\/strong><\/p>\n<\/div>\n<\/div>\n<\/div>\n<\/div>\n<p>&nbsp;<\/p>\n<p><strong>Saddle of deer, potato pav\u00e9, forest fruit<\/strong><br \/>\n<strong>15 800 Ft<\/strong><\/p>\n<p>&nbsp;<\/p>\n<div class=\"page\" title=\"Page 3\">\n<div class=\"section\">\n<div class=\"layoutArea\">\n<div class=\"column\">\n<p>&nbsp;<\/p>\n<\/div>\n<\/div>\n<\/div>\n<\/div>\n\n\t\t<\/div>\n\t<\/div>\n<\/div><\/div><\/div><\/div><div class=\"vc_row wpb_row vc_row-fluid vc_custom_1661945740040\" ><div class=\"wpb_column vc_column_container vc_col-sm-12\"><div class=\"vc_column-inner\"><div class=\"wpb_wrapper\">\n\t<div  class=\"wpb_single_image wpb_content_element vc_align_center\">\n\t\t\n\t\t<figure class=\"wpb_wrapper vc_figure\">\n\t\t\t<div class=\"vc_single_image-wrapper   vc_box_border_grey\"><img decoding=\"async\" class=\"vc_single_image-img\" src=\"https:\/\/essenciarestaurant.hu\/wp-content\/uploads\/2022\/08\/unnamed-2-1-50x50.png\" width=\"50\" height=\"50\" alt=\"unnamed (2) (1)\" title=\"unnamed (2) (1)\" \/><\/div>\n\t\t<\/figure>\n\t<\/div>\n\n\t<div class=\"wpb_text_column wpb_content_element  blue-title\" >\n\t\t<div class=\"wpb_wrapper\">\n\t\t\t<h2 style=\"text-align: center;\">DESSERTS<\/h2>\n\n\t\t<\/div>\n\t<\/div>\n<\/div><\/div><\/div><\/div><div class=\"vc_row wpb_row vc_row-fluid vc_custom_1661945225437\" ><div class=\"wpb_column vc_column_container vc_col-sm-12\"><div class=\"vc_column-inner\"><div class=\"wpb_wrapper\">\n\t<div class=\"wpb_text_column wpb_content_element  blue-text\" >\n\t\t<div class=\"wpb_wrapper\">\n\t\t\t<p><strong>\"Semolina pudding\"<\/strong><br \/>\n<strong>4 800 HUF<\/strong><\/p>\n<p>&nbsp;<\/p>\n<div class=\"page\" title=\"Swordfish, raspberry, kapia pepper\">\n<div class=\"section\">\n<div class=\"layoutArea\">\n<div class=\"column\">\n<p><strong>&#8222;Queijada de \u00c9vora&#8221;<br \/>\n<\/strong><strong>5 200 HUF<\/strong><\/p>\n<\/div>\n<\/div>\n<\/div>\n<\/div>\n<p>&nbsp;<\/p>\n<p><strong>Cheese selection<\/strong><br \/>\n<strong>6 200 HUF<\/strong><\/p>\n<p>&nbsp;<\/p>\n\n\t\t<\/div>\n\t<\/div>\n<\/div><\/div><\/div><\/div><div class=\"vc_row wpb_row vc_row-fluid vc_custom_1661946110774\" ><div class=\"wpb_column vc_column_container vc_col-sm-12\"><div class=\"vc_column-inner\"><div class=\"wpb_wrapper\">\n\t<div class=\"wpb_text_column wpb_content_element  blue-text\" >\n\t\t<div class=\"wpb_wrapper\">\n\t\t\t<div class=\"vc_row wpb_row vc_row-fluid vc_custom_1633598083597\">\n<div class=\"wpb_column vc_column_container vc_col-sm-12\">\n<div class=\"vc_column-inner\">\n<div class=\"wpb_wrapper\">\n<div class=\"wpb_text_column wpb_content_element\">\n<div class=\"wpb_wrapper\">\n<p style=\"text-align: center;\"><span id=\"page12R_mcid110\" class=\"markedContent\"><span dir=\"ltr\" role=\"presentation\">All prices are inclusive of VAT. A total of 15% of service charge will be added to your bill.<\/span><\/span><span id=\"page12R_mcid113\" class=\"markedContent\"><span dir=\"ltr\" role=\"presentation\"><br \/>\n<\/span><\/span><\/p>\n<\/div>\n<\/div>\n<\/div>\n<\/div>\n<\/div>\n<\/div>\n\n\t\t<\/div>\n\t<\/div>\n<\/div><\/div><\/div><\/div><div class=\"vc_row wpb_row vc_row-fluid vc_custom_1661946124429\" ><div class=\"wpb_column vc_column_container vc_col-sm-12\"><div class=\"vc_column-inner\"><div class=\"wpb_wrapper\"><div class=\"vc_btn3-container vc_btn3-center\" ><a class=\"vc_general vc_btn3 vc_btn3-size-lg vc_btn3-shape-square vc_btn3-style-classic vc_btn3-color-black\" href=\"https:\/\/book.dinnerbooking.com\/hu\/en-US\/book\/index\/3492\/2\" title=\"Reservations\">RESERVATION &amp; INFORMATIONS<\/a><\/div><\/div><\/div><\/div><\/div>","protected":false},"excerpt":{"rendered":"Eb\u00e9did\u0151ben deguszt\u00e1ci\u00f3s men\u00fcsoraink mellett \"\u00c1 la carte\" v\u00e1laszt\u00e9kkal is v\u00e1rjuk \u00d6n\u00f6ket! EL\u0150\u00c9TELEK Kacsam\u00e1j, rebarbara, mang\u00f3 8 100 Ft &nbsp; Polip, gnocchi, kaliforniai paprika 9 500 Ft &nbsp; C\u00e9kla, Stracciatella, piszt\u00e1cia 6 800 Ft F\u0150\u00c9TELEK T\u0151kehal, vadbrokkoli, \"nage\" 13 800 Ft &nbsp; Marha h\u00e1tsz\u00edn, z\u00f6ldsp\u00e1rga, fekete fokhagyma 14 800 Ft &nbsp; \u0150zgerinc, burgonya pav\u00e9, erdei gy\u00fcm\u00f6lcs 15 800 Ft &nbsp; &nbsp; DESSZERTEK \"Tejbegr\u00edz\" 4 800 Ft &nbsp; \"Queijada de \u00c9vora\" 5 200 Ft &nbsp; Sajtv\u00e1logat\u00e1s 6 200 Ft &nbsp; A fenti \u00e1rak az \u00c1F\u00c1-t tartalmazz\u00e1k, a sz\u00e1mla v\u00e9g\u00f6sszeg\u00e9hez 15%-os szerv\u00edzd\u00edjat sz\u00e1molunk fel. FOGLAL\u00c1S &amp; INFORM\u00c1CI\u00d3K","protected":false},"author":4,"featured_media":0,"parent":0,"menu_order":0,"comment_status":"closed","ping_status":"closed","template":"","meta":{"ngg_post_thumbnail":0,"footnotes":""},"class_list":["post-8128","page","type-page","status-publish","hentry"],"yoast_head":"<!-- This site is optimized with the Yoast SEO plugin v25.5 - https:\/\/yoast.com\/wordpress\/plugins\/seo\/ -->\n<title>Eb\u00e9d - Essencia Restaurant<\/title>\n<meta name=\"robots\" content=\"index, follow, max-snippet:-1, max-image-preview:large, max-video-preview:-1\" \/>\n<link rel=\"canonical\" href=\"http:\/\/essenciarestaurant.hu\/en\/alacarte\/\" \/>\n<meta property=\"og:locale\" content=\"en_GB\" \/>\n<meta property=\"og:type\" content=\"article\" \/>\n<meta property=\"og:title\" content=\"Eb\u00e9d - Essencia Restaurant\" \/>\n<meta property=\"og:url\" content=\"http:\/\/essenciarestaurant.hu\/en\/alacarte\/\" \/>\n<meta property=\"og:site_name\" content=\"Essencia Restaurant\" \/>\n<meta property=\"article:publisher\" content=\"https:\/\/www.facebook.com\/Ess%c3%aancia-Restaurant-Tiago-%c3%89va-105859964299066\/\" \/>\n<meta property=\"article:modified_time\" content=\"2026-03-31T11:57:26+00:00\" \/>\n<meta property=\"og:image\" content=\"https:\/\/essenciarestaurant.hu\/wp-content\/uploads\/2020\/06\/story-featured.jpg\" \/>\n\t<meta property=\"og:image:width\" content=\"1300\" \/>\n\t<meta property=\"og:image:height\" content=\"693\" \/>\n\t<meta property=\"og:image:type\" content=\"image\/jpeg\" \/>\n<meta name=\"twitter:card\" content=\"summary_large_image\" \/>\n<meta name=\"twitter:label1\" content=\"Estimated reading time\" \/>\n\t<meta name=\"twitter:data1\" content=\"1 minute\" \/>\n<script type=\"application\/ld+json\" class=\"yoast-schema-graph\">{\"@context\":\"https:\/\/schema.org\",\"@graph\":[{\"@type\":\"WebPage\",\"@id\":\"http:\/\/essenciarestaurant.hu\/alacarte\/\",\"url\":\"http:\/\/essenciarestaurant.hu\/alacarte\/\",\"name\":\"Eb\u00e9d - Essencia Restaurant\",\"isPartOf\":{\"@id\":\"https:\/\/essenciarestaurant.hu\/en\/#website\"},\"datePublished\":\"2022-09-02T06:12:06+00:00\",\"dateModified\":\"2026-03-31T11:57:26+00:00\",\"breadcrumb\":{\"@id\":\"http:\/\/essenciarestaurant.hu\/alacarte\/#breadcrumb\"},\"inLanguage\":\"en-GB\",\"potentialAction\":[{\"@type\":\"ReadAction\",\"target\":[\"http:\/\/essenciarestaurant.hu\/alacarte\/\"]}]},{\"@type\":\"BreadcrumbList\",\"@id\":\"http:\/\/essenciarestaurant.hu\/alacarte\/#breadcrumb\",\"itemListElement\":[{\"@type\":\"ListItem\",\"position\":1,\"name\":\"Kezd\u0151lap\",\"item\":\"https:\/\/essenciarestaurant.hu\/\"},{\"@type\":\"ListItem\",\"position\":2,\"name\":\"A la carte\"}]},{\"@type\":\"WebSite\",\"@id\":\"https:\/\/essenciarestaurant.hu\/en\/#website\",\"url\":\"https:\/\/essenciarestaurant.hu\/en\/\",\"name\":\"Essencia Restaurant\",\"description\":\"Essencia Restaurant\",\"potentialAction\":[{\"@type\":\"SearchAction\",\"target\":{\"@type\":\"EntryPoint\",\"urlTemplate\":\"https:\/\/essenciarestaurant.hu\/en\/?s={search_term_string}\"},\"query-input\":{\"@type\":\"PropertyValueSpecification\",\"valueRequired\":true,\"valueName\":\"search_term_string\"}}],\"inLanguage\":\"en-GB\"}]}<\/script>\n<!-- \/ Yoast SEO plugin. -->","yoast_head_json":{"title":"Eb\u00e9d - Essencia Restaurant","robots":{"index":"index","follow":"follow","max-snippet":"max-snippet:-1","max-image-preview":"max-image-preview:large","max-video-preview":"max-video-preview:-1"},"canonical":"http:\/\/essenciarestaurant.hu\/en\/alacarte\/","og_locale":"en_GB","og_type":"article","og_title":"Eb\u00e9d - Essencia Restaurant","og_url":"http:\/\/essenciarestaurant.hu\/en\/alacarte\/","og_site_name":"Essencia Restaurant","article_publisher":"https:\/\/www.facebook.com\/Ess%c3%aancia-Restaurant-Tiago-%c3%89va-105859964299066\/","article_modified_time":"2026-03-31T11:57:26+00:00","og_image":[{"width":1300,"height":693,"url":"https:\/\/essenciarestaurant.hu\/wp-content\/uploads\/2020\/06\/story-featured.jpg","type":"image\/jpeg"}],"twitter_card":"summary_large_image","twitter_misc":{"Estimated reading time":"1 minute"},"schema":{"@context":"https:\/\/schema.org","@graph":[{"@type":"WebPage","@id":"http:\/\/essenciarestaurant.hu\/alacarte\/","url":"http:\/\/essenciarestaurant.hu\/alacarte\/","name":"Eb\u00e9d - Essencia Restaurant","isPartOf":{"@id":"https:\/\/essenciarestaurant.hu\/en\/#website"},"datePublished":"2022-09-02T06:12:06+00:00","dateModified":"2026-03-31T11:57:26+00:00","breadcrumb":{"@id":"http:\/\/essenciarestaurant.hu\/alacarte\/#breadcrumb"},"inLanguage":"en-GB","potentialAction":[{"@type":"ReadAction","target":["http:\/\/essenciarestaurant.hu\/alacarte\/"]}]},{"@type":"BreadcrumbList","@id":"http:\/\/essenciarestaurant.hu\/alacarte\/#breadcrumb","itemListElement":[{"@type":"ListItem","position":1,"name":"Kezd\u0151lap","item":"https:\/\/essenciarestaurant.hu\/"},{"@type":"ListItem","position":2,"name":"A la carte"}]},{"@type":"WebSite","@id":"https:\/\/essenciarestaurant.hu\/en\/#website","url":"https:\/\/essenciarestaurant.hu\/en\/","name":"Essencia Restaurant","description":"Essencia Restaurant","potentialAction":[{"@type":"SearchAction","target":{"@type":"EntryPoint","urlTemplate":"https:\/\/essenciarestaurant.hu\/en\/?s={search_term_string}"},"query-input":{"@type":"PropertyValueSpecification","valueRequired":true,"valueName":"search_term_string"}}],"inLanguage":"en-GB"}]}},"_links":{"self":[{"href":"https:\/\/essenciarestaurant.hu\/en\/wp-json\/wp\/v2\/pages\/8128","targetHints":{"allow":["GET"]}}],"collection":[{"href":"https:\/\/essenciarestaurant.hu\/en\/wp-json\/wp\/v2\/pages"}],"about":[{"href":"https:\/\/essenciarestaurant.hu\/en\/wp-json\/wp\/v2\/types\/page"}],"author":[{"embeddable":true,"href":"https:\/\/essenciarestaurant.hu\/en\/wp-json\/wp\/v2\/users\/4"}],"replies":[{"embeddable":true,"href":"https:\/\/essenciarestaurant.hu\/en\/wp-json\/wp\/v2\/comments?post=8128"}],"version-history":[{"count":56,"href":"https:\/\/essenciarestaurant.hu\/en\/wp-json\/wp\/v2\/pages\/8128\/revisions"}],"predecessor-version":[{"id":9910,"href":"https:\/\/essenciarestaurant.hu\/en\/wp-json\/wp\/v2\/pages\/8128\/revisions\/9910"}],"wp:attachment":[{"href":"https:\/\/essenciarestaurant.hu\/en\/wp-json\/wp\/v2\/media?parent=8128"}],"curies":[{"name":"wp","href":"https:\/\/api.w.org\/{rel}","templated":true}]}}