{"id":7873,"date":"2022-06-20T22:51:17","date_gmt":"2022-06-20T20:51:17","guid":{"rendered":"https:\/\/essenciarestaurant.hu\/?page_id=7873"},"modified":"2025-12-18T11:19:15","modified_gmt":"2025-12-18T10:19:15","slug":"joao-rodrigues-3","status":"publish","type":"page","link":"http:\/\/essenciarestaurant.hu\/en\/new-years-eve-2\/","title":{"rendered":"New Year's Eve"},"content":{"rendered":"<div class=\"vc_row wpb_row vc_row-fluid\" ><div class=\"wpb_column vc_column_container vc_col-sm-6\"><div class=\"vc_column-inner\"><div class=\"wpb_wrapper\">\n\t<div class=\"wpb_text_column wpb_content_element\" >\n\t\t<div class=\"wpb_wrapper\">\n\t\t\t<h3 style=\"text-align: center;\"><em><strong>Delicious Farewell to 2025, Delightful Welcome to 2026<\/strong><\/em><\/h3>\n<h3 style=\"text-align: center;\">DEUTZ -ESS\u00caNCIA Champagne dinner<\/h3>\n<h3 style=\"text-align: center;\">31st of December 2025<\/h3>\n<p>&nbsp;<\/p>\n<div>How else could we bid farewell to 2025 better than with a bubbly atmosphere, exquisite flavours, and the company of the finest champagnes? As a worthy finale to the year, we invite you to our \u201cDEUTZ x Ess\u00eancia Champagne Evening,\u201d where we will present an exclusive 8-course festive menu tailored especially for this occasion.&nbsp;<\/div>\n<div>&nbsp;<\/div>\n<div>William Deutz founded the house in 1838 in the historic village of A\u00ff. Beneath their ch\u00e2teau lies a three-kilometre cellar system, surrounded by the most prestigious grand cru vineyards. As one of the most renowned Grand Maison estates, the roots of their expertise lie in their heritage and values\u2014all the while remaining surprisingly innovative.&nbsp;<\/div>\n<div>&nbsp;<\/div>\n<div>Their style is meticulously crafted: a harmony of elegance and complexity. Charming aromas, vibrant fruit, refined texture, and an exceptionally silky perlage\u2014this is what makes Deutz endlessly amiable and a perfect match for the dishes at Ess\u00eancia.<\/div>\n<div>&nbsp;<\/div>\n<div><strong><span style=\"font-family: Helvetica Neue, Arial, sans-serif;\">Begin the final night of 2025 with us, with a magnificent<\/span>champagne dinner.<\/strong><\/div>\n<div><span style=\"font-family: Helvetica Neue, Arial, sans-serif;\">&nbsp;<\/span><\/div>\n<div><span style=\"font-family: Helvetica Neue, Arial, sans-serif;\">Guest arrival: from 19:00 <\/span><\/div>\n<div><span style=\"font-family: Helvetica Neue, Arial, sans-serif;\">Dinner start: 19:30<\/span><\/div>\n<div>&nbsp;<\/div>\n<div>\n<h4><strong>THE MENU<\/strong><\/h4>\n<p><strong><span class=\"JsGRdQ\"><img decoding=\"async\" class=\"alignnone wp-image-6751\" src=\"https:\/\/essenciarestaurant.hu\/wp-content\/uploads\/2021\/09\/footer-logo-80x80-1.png\" alt=\"\" width=\"20\" height=\"20\"> <span class=\"a_GcMg font-feature-liga-off font-feature-clig-off font-feature-calt-off text-decoration-none text-strikethrough-none\">Olive oil ice cream, Imperial Gold caviar<\/span><\/span><span class=\"a_GcMg font-feature-liga-off font-feature-clig-off font-feature-calt-off text-decoration-none text-strikethrough-none\">&nbsp;\/\/ <\/span><em><span class=\"a_GcMg font-feature-liga-off font-feature-clig-off font-feature-calt-off text-decoration-none text-strikethrough-none\">Deutz Blanc de Blancs 2018<\/span><\/em><\/strong><\/p>\n<p><span class=\"a_GcMg font-feature-liga-off font-feature-clig-off font-feature-calt-off text-decoration-none text-strikethrough-none\"><strong><span class=\"JsGRdQ\"><img decoding=\"async\" class=\"alignnone wp-image-6751\" src=\"https:\/\/essenciarestaurant.hu\/wp-content\/uploads\/2021\/09\/footer-logo-80x80-1.png\" alt=\"\" width=\"20\" height=\"20\"> <\/span>\"Snack selection\"<\/strong><\/span><\/p>\n<p><strong><span class=\"JsGRdQ\"><img decoding=\"async\" class=\"alignnone wp-image-6751\" src=\"https:\/\/essenciarestaurant.hu\/wp-content\/uploads\/2021\/09\/footer-logo-80x80-1.png\" alt=\"\" width=\"20\" height=\"20\"> <\/span><span class=\"a_GcMg font-feature-liga-off font-feature-clig-off font-feature-calt-off text-decoration-none text-strikethrough-none\">Cured trout, roe, quail egg \/\/ <\/span><em><span class=\"a_GcMg font-feature-liga-off font-feature-clig-off font-feature-calt-off text-decoration-none text-strikethrough-none\">Deutz Mill\u00e9sim\u00e9 Brut 2018<\/span><\/em><\/strong><\/p>\n<p><strong><span class=\"JsGRdQ\"><img decoding=\"async\" class=\"alignnone wp-image-6751\" src=\"https:\/\/essenciarestaurant.hu\/wp-content\/uploads\/2021\/09\/footer-logo-80x80-1.png\" alt=\"\" width=\"20\" height=\"20\"> <\/span><span class=\"a_GcMg font-feature-liga-off font-feature-clig-off font-feature-calt-off text-decoration-none text-strikethrough-none\">Beetroot, mangalica ham, beluga lentils \/\/ <\/span><em><span class=\"a_GcMg font-feature-liga-off font-feature-clig-off font-feature-calt-off text-decoration-none text-strikethrough-none\">Deutz Ros\u00e9 Brut Magnum<\/span><\/em><\/strong><\/p>\n<p><strong><span class=\"JsGRdQ\"><img decoding=\"async\" class=\"alignnone wp-image-6751\" src=\"https:\/\/essenciarestaurant.hu\/wp-content\/uploads\/2021\/09\/footer-logo-80x80-1.png\" alt=\"\" width=\"20\" height=\"20\"> <\/span><span class=\"a_GcMg font-feature-liga-off font-feature-clig-off font-feature-calt-off text-decoration-none text-strikethrough-none\">Halibut, chervil root, nage \/\/ <\/span><em><span class=\"a_GcMg font-feature-liga-off font-feature-clig-off font-feature-calt-off text-decoration-none text-strikethrough-none\">Amour de Deutz Blanc de Blancs 2013<\/span><\/em><\/strong><\/p>\n<p><strong><span class=\"JsGRdQ\"><img decoding=\"async\" class=\"alignnone wp-image-6751\" src=\"https:\/\/essenciarestaurant.hu\/wp-content\/uploads\/2021\/09\/footer-logo-80x80-1.png\" alt=\"\" width=\"20\" height=\"20\"> <\/span><span class=\"a_GcMg font-feature-liga-off font-feature-clig-off font-feature-calt-off text-decoration-none text-strikethrough-none\">A5 Wagyu beef, salsify, black truffle \/\/ <\/span><em><span class=\"a_GcMg font-feature-liga-off font-feature-clig-off font-feature-calt-off text-decoration-none text-strikethrough-none\">William Deutz 2013<\/span><\/em><\/strong><\/p>\n<p><strong><span class=\"JsGRdQ\"><img decoding=\"async\" class=\"alignnone wp-image-6751\" src=\"https:\/\/essenciarestaurant.hu\/wp-content\/uploads\/2021\/09\/footer-logo-80x80-1.png\" alt=\"\" width=\"20\" height=\"20\"> <span class=\"a_GcMg font-feature-liga-off font-feature-clig-off font-feature-calt-off text-decoration-none text-strikethrough-none\">Champagne sabaglione<\/span><\/span><\/strong><\/p>\n<p><strong><span class=\"JsGRdQ\"><img decoding=\"async\" class=\"alignnone wp-image-6751\" src=\"https:\/\/essenciarestaurant.hu\/wp-content\/uploads\/2021\/09\/footer-logo-80x80-1.png\" alt=\"\" width=\"20\" height=\"20\"><\/span><\/strong> <strong><span class=\"a_GcMg font-feature-liga-off font-feature-clig-off font-feature-calt-off text-decoration-none text-strikethrough-none\">\u201cPavlova\u201d \/\/ <\/span><em><span class=\"a_GcMg font-feature-liga-off font-feature-clig-off font-feature-calt-off text-decoration-none text-strikethrough-none\">Deutz Brut Ros\u00e9 Mill\u00e9sime 2016<\/span><\/em><\/strong><\/p>\n<p>&nbsp;<\/p>\n<p><strong>The menu price:<\/strong><\/p>\n<div class=\"x11i5rnm xat24cr x1mh8g0r x1vvkbs xtlvy1s\"><span class=\"a_GcMg font-feature-liga-off font-feature-clig-off font-feature-calt-off text-decoration-none text-strikethrough-none\">8-course menu:<\/span><span class=\"a_GcMg font-feature-liga-off font-feature-clig-off font-feature-calt-off text-decoration-none text-strikethrough-none\">: 110 900 HUF<\/span><br class=\"html-br\"><span class=\"a_GcMg font-feature-liga-off font-feature-clig-off font-feature-calt-off text-decoration-none text-strikethrough-none\">with Champagne pairing: <\/span><span class=\"a_GcMg font-feature-liga-off font-feature-clig-off font-feature-calt-off text-decoration-none text-strikethrough-none\">190 900 <\/span>HUF<\/div>\n<div>&nbsp;<\/div>\n<div class=\"x11i5rnm xat24cr x1mh8g0r x1vvkbs xtlvy1s\"><span class=\"a_GcMg font-feature-liga-off font-feature-clig-off font-feature-calt-off text-decoration-none text-strikethrough-none\">The price is per person and is inclusive of VAT. A total of 15% service charge will be added to your bill.<\/span><\/div>\n<\/div>\n<div>&nbsp;<\/div>\n<div>&nbsp;<\/div>\n<div><strong>Seats are limited, and reservations are accepted on a first-come, first-served basis.&nbsp; <\/strong><\/div>\n<div><span style=\"font-family: Helvetica Neue, Arial, sans-serif;\">Table reservations can be made through the DinnerBooking system on our website, via email at info@<a href=\"http:\/\/essenciarestaurant.hu\/en\/\" target=\"_blank\" rel=\"noopener\" data-saferedirecturl=\"https:\/\/www.google.com\/url?q=http:\/\/essenciarestaurant.hu&amp;source=gmail&amp;ust=1763154010179000&amp;usg=AOvVaw1ymKaK7iomnnzUkl1KmIMR\">essenciarestaurant.hu<\/a> or by phone at +36 70 600 0315, with card guarantee.<\/span><\/div>\n<div>Our cancellation policy is the following; you can alter the booking 72 hours latest before the booked time. If the cancellation or modification is made within that time-frame, a penalty fee of 55.000 HUF\/person will be charged to the provided card.<\/div>\n<div>&nbsp;<\/div>\n<div>We look forward to welcoming you!<\/div>\n<div>Tiago, \u00c9va, and the Ess\u00eancia Team<\/div>\n<p>&nbsp;<\/p>\n\n\t\t<\/div>\n\t<\/div>\n<\/div><\/div><\/div><div class=\"wpb_column vc_column_container vc_col-sm-6\"><div class=\"vc_column-inner\"><div class=\"wpb_wrapper\"><div class=\"vc_empty_space\"   style=\"height: 32px\"><span class=\"vc_empty_space_inner\"><\/span><\/div>\n\t<div class=\"wpb_raw_code wpb_content_element wpb_raw_html\" >\n\t\t<div class=\"wpb_wrapper\">\n\t\t\t<iframe\n    src=\"https:\/\/www.youtube.com\/embed\/SHbkit6Julc?autoplay=1&mute=1&controls=0&modestbranding=1&rel=0&loop=1\"\n    allow=\"autoplay; fullscreen\"\n    allowfullscreen>\n  <\/iframe>\n\t\t<\/div>\n\t<\/div>\n<\/div><\/div><\/div><\/div>","protected":false},"excerpt":{"rendered":"2025 finom b\u00facs\u00faja, 2026 pomp\u00e1s kezdete DEUTZ -ESS\u00caNCIA Champagne vacsora 2025. december 31. &nbsp; Hogyan is k\u00f6sz\u00f6nhetn\u00e9nk el 2025-t\u0151l, mint pezsg\u0151 hangulatban \u00e9s &nbsp;fens\u00e9ges falatokkal a legnemesebb bubor\u00e9kok t\u00e1rsas\u00e1g\u00e1ban? Az \u00e9v m\u00e9lt\u00f3 lez\u00e1r\u00e1sak\u00e9nt \u201cDEUTZ x Essencia &nbsp;Champagne estre\" invit\u00e1lunk, melyre egy, csak erre az alkalomra meg\u00e1lmodott &nbsp;8 fog\u00e1sos \u00fcnnepi men\u00fcvel k\u00e9sz\u00fcl\u00fcnk.&nbsp; &nbsp; William Deutz 1838-ban alap\u00edtotta a h\u00e1zat a t\u00f6rt\u00e9nelmi A\u00ff-ban. Kast\u00e9lyuk alatt h\u00e1rom km-nyi pincerendszer h\u00faz\u00f3dik, k\u00f6r\u00fcl\u00f6tte a legnagyobb preszt\u00edzs\u0171 grand cru d\u0171l\u0151k. A legjobb nev\u0171 Grand Maison-ok egyike, szakmai tud\u00e1suk \u00f6r\u00f6ks\u00e9g\u00fckre \u00e9s \u00e9rt\u00e9keikre \u00e9p\u00edt, mik\u00f6zben meglep\u0151en innovat\u00edv.&nbsp; &nbsp; St\u00edlusuk kimunk\u00e1lt, az elegancia \u00e9s komplexit\u00e1s harm\u00f3ni\u00e1ja. Kedves arom\u00e1k, \u00e9l\u00e9nk [...]","protected":false},"author":4,"featured_media":0,"parent":0,"menu_order":0,"comment_status":"closed","ping_status":"closed","template":"","meta":{"ngg_post_thumbnail":0,"footnotes":""},"class_list":["post-7873","page","type-page","status-publish","hentry"],"yoast_head":"<!-- This site is optimized with the Yoast SEO plugin v25.5 - https:\/\/yoast.com\/wordpress\/plugins\/seo\/ -->\n<title>Szilveszter 2025 - Essencia Restaurant<\/title>\n<meta name=\"robots\" content=\"index, follow, max-snippet:-1, max-image-preview:large, max-video-preview:-1\" \/>\n<link rel=\"canonical\" href=\"http:\/\/essenciarestaurant.hu\/en\/new-years-eve-2\/\" \/>\n<meta property=\"og:locale\" content=\"en_GB\" \/>\n<meta property=\"og:type\" content=\"article\" \/>\n<meta property=\"og:title\" content=\"Szilveszter 2025 - Essencia Restaurant\" \/>\n<meta property=\"og:url\" content=\"http:\/\/essenciarestaurant.hu\/en\/new-years-eve-2\/\" \/>\n<meta property=\"og:site_name\" content=\"Essencia Restaurant\" \/>\n<meta property=\"article:publisher\" content=\"https:\/\/www.facebook.com\/Ess%c3%aancia-Restaurant-Tiago-%c3%89va-105859964299066\/\" \/>\n<meta property=\"article:modified_time\" content=\"2025-12-18T10:19:15+00:00\" \/>\n<meta property=\"og:image\" content=\"https:\/\/essenciarestaurant.hu\/wp-content\/uploads\/2021\/09\/footer-logo-80x80-1.png\" \/>\n\t<meta property=\"og:image:width\" content=\"80\" \/>\n\t<meta property=\"og:image:height\" content=\"80\" \/>\n\t<meta property=\"og:image:type\" content=\"image\/png\" \/>\n<meta name=\"twitter:card\" content=\"summary_large_image\" \/>\n<meta name=\"twitter:label1\" content=\"Estimated reading time\" \/>\n\t<meta name=\"twitter:data1\" content=\"4 minutes\" \/>\n<script type=\"application\/ld+json\" class=\"yoast-schema-graph\">{\"@context\":\"https:\/\/schema.org\",\"@graph\":[{\"@type\":\"WebPage\",\"@id\":\"http:\/\/essenciarestaurant.hu\/szilveszter2025\/\",\"url\":\"http:\/\/essenciarestaurant.hu\/szilveszter2025\/\",\"name\":\"Szilveszter 2025 - Essencia Restaurant\",\"isPartOf\":{\"@id\":\"https:\/\/essenciarestaurant.hu\/en\/#website\"},\"primaryImageOfPage\":{\"@id\":\"http:\/\/essenciarestaurant.hu\/szilveszter2025\/#primaryimage\"},\"image\":{\"@id\":\"http:\/\/essenciarestaurant.hu\/szilveszter2025\/#primaryimage\"},\"thumbnailUrl\":\"https:\/\/essenciarestaurant.hu\/wp-content\/uploads\/2021\/09\/footer-logo-80x80-1.png\",\"datePublished\":\"2022-06-20T20:51:17+00:00\",\"dateModified\":\"2025-12-18T10:19:15+00:00\",\"breadcrumb\":{\"@id\":\"http:\/\/essenciarestaurant.hu\/szilveszter2025\/#breadcrumb\"},\"inLanguage\":\"en-GB\",\"potentialAction\":[{\"@type\":\"ReadAction\",\"target\":[\"http:\/\/essenciarestaurant.hu\/szilveszter2025\/\"]}]},{\"@type\":\"ImageObject\",\"inLanguage\":\"en-GB\",\"@id\":\"http:\/\/essenciarestaurant.hu\/szilveszter2025\/#primaryimage\",\"url\":\"https:\/\/essenciarestaurant.hu\/wp-content\/uploads\/2021\/09\/footer-logo-80x80-1.png\",\"contentUrl\":\"https:\/\/essenciarestaurant.hu\/wp-content\/uploads\/2021\/09\/footer-logo-80x80-1.png\"},{\"@type\":\"BreadcrumbList\",\"@id\":\"http:\/\/essenciarestaurant.hu\/szilveszter2025\/#breadcrumb\",\"itemListElement\":[{\"@type\":\"ListItem\",\"position\":1,\"name\":\"Kezd\u0151lap\",\"item\":\"https:\/\/essenciarestaurant.hu\/\"},{\"@type\":\"ListItem\",\"position\":2,\"name\":\"Szilveszter 2025\"}]},{\"@type\":\"WebSite\",\"@id\":\"https:\/\/essenciarestaurant.hu\/en\/#website\",\"url\":\"https:\/\/essenciarestaurant.hu\/en\/\",\"name\":\"Essencia Restaurant\",\"description\":\"Essencia Restaurant\",\"potentialAction\":[{\"@type\":\"SearchAction\",\"target\":{\"@type\":\"EntryPoint\",\"urlTemplate\":\"https:\/\/essenciarestaurant.hu\/en\/?s={search_term_string}\"},\"query-input\":{\"@type\":\"PropertyValueSpecification\",\"valueRequired\":true,\"valueName\":\"search_term_string\"}}],\"inLanguage\":\"en-GB\"}]}<\/script>\n<!-- \/ Yoast SEO plugin. -->","yoast_head_json":{"title":"Szilveszter 2025 - Essencia Restaurant","robots":{"index":"index","follow":"follow","max-snippet":"max-snippet:-1","max-image-preview":"max-image-preview:large","max-video-preview":"max-video-preview:-1"},"canonical":"http:\/\/essenciarestaurant.hu\/en\/new-years-eve-2\/","og_locale":"en_GB","og_type":"article","og_title":"Szilveszter 2025 - Essencia Restaurant","og_url":"http:\/\/essenciarestaurant.hu\/en\/new-years-eve-2\/","og_site_name":"Essencia Restaurant","article_publisher":"https:\/\/www.facebook.com\/Ess%c3%aancia-Restaurant-Tiago-%c3%89va-105859964299066\/","article_modified_time":"2025-12-18T10:19:15+00:00","og_image":[{"width":80,"height":80,"url":"https:\/\/essenciarestaurant.hu\/wp-content\/uploads\/2021\/09\/footer-logo-80x80-1.png","type":"image\/png"}],"twitter_card":"summary_large_image","twitter_misc":{"Estimated reading time":"4 minutes"},"schema":{"@context":"https:\/\/schema.org","@graph":[{"@type":"WebPage","@id":"http:\/\/essenciarestaurant.hu\/szilveszter2025\/","url":"http:\/\/essenciarestaurant.hu\/szilveszter2025\/","name":"Szilveszter 2025 - Essencia Restaurant","isPartOf":{"@id":"https:\/\/essenciarestaurant.hu\/en\/#website"},"primaryImageOfPage":{"@id":"http:\/\/essenciarestaurant.hu\/szilveszter2025\/#primaryimage"},"image":{"@id":"http:\/\/essenciarestaurant.hu\/szilveszter2025\/#primaryimage"},"thumbnailUrl":"https:\/\/essenciarestaurant.hu\/wp-content\/uploads\/2021\/09\/footer-logo-80x80-1.png","datePublished":"2022-06-20T20:51:17+00:00","dateModified":"2025-12-18T10:19:15+00:00","breadcrumb":{"@id":"http:\/\/essenciarestaurant.hu\/szilveszter2025\/#breadcrumb"},"inLanguage":"en-GB","potentialAction":[{"@type":"ReadAction","target":["http:\/\/essenciarestaurant.hu\/szilveszter2025\/"]}]},{"@type":"ImageObject","inLanguage":"en-GB","@id":"http:\/\/essenciarestaurant.hu\/szilveszter2025\/#primaryimage","url":"https:\/\/essenciarestaurant.hu\/wp-content\/uploads\/2021\/09\/footer-logo-80x80-1.png","contentUrl":"https:\/\/essenciarestaurant.hu\/wp-content\/uploads\/2021\/09\/footer-logo-80x80-1.png"},{"@type":"BreadcrumbList","@id":"http:\/\/essenciarestaurant.hu\/szilveszter2025\/#breadcrumb","itemListElement":[{"@type":"ListItem","position":1,"name":"Kezd\u0151lap","item":"https:\/\/essenciarestaurant.hu\/"},{"@type":"ListItem","position":2,"name":"Szilveszter 2025"}]},{"@type":"WebSite","@id":"https:\/\/essenciarestaurant.hu\/en\/#website","url":"https:\/\/essenciarestaurant.hu\/en\/","name":"Essencia Restaurant","description":"Essencia Restaurant","potentialAction":[{"@type":"SearchAction","target":{"@type":"EntryPoint","urlTemplate":"https:\/\/essenciarestaurant.hu\/en\/?s={search_term_string}"},"query-input":{"@type":"PropertyValueSpecification","valueRequired":true,"valueName":"search_term_string"}}],"inLanguage":"en-GB"}]}},"_links":{"self":[{"href":"https:\/\/essenciarestaurant.hu\/en\/wp-json\/wp\/v2\/pages\/7873","targetHints":{"allow":["GET"]}}],"collection":[{"href":"https:\/\/essenciarestaurant.hu\/en\/wp-json\/wp\/v2\/pages"}],"about":[{"href":"https:\/\/essenciarestaurant.hu\/en\/wp-json\/wp\/v2\/types\/page"}],"author":[{"embeddable":true,"href":"https:\/\/essenciarestaurant.hu\/en\/wp-json\/wp\/v2\/users\/4"}],"replies":[{"embeddable":true,"href":"https:\/\/essenciarestaurant.hu\/en\/wp-json\/wp\/v2\/comments?post=7873"}],"version-history":[{"count":31,"href":"https:\/\/essenciarestaurant.hu\/en\/wp-json\/wp\/v2\/pages\/7873\/revisions"}],"predecessor-version":[{"id":9801,"href":"https:\/\/essenciarestaurant.hu\/en\/wp-json\/wp\/v2\/pages\/7873\/revisions\/9801"}],"wp:attachment":[{"href":"https:\/\/essenciarestaurant.hu\/en\/wp-json\/wp\/v2\/media?parent=7873"}],"curies":[{"name":"wp","href":"https:\/\/api.w.org\/{rel}","templated":true}]}}