{"id":7586,"date":"2022-02-21T07:56:33","date_gmt":"2022-02-21T07:56:33","guid":{"rendered":"https:\/\/essenciarestaurant.hu\/?page_id=7586"},"modified":"2025-08-22T17:52:30","modified_gmt":"2025-08-22T15:52:30","slug":"carrier","status":"publish","type":"page","link":"http:\/\/essenciarestaurant.hu\/en\/career\/","title":{"rendered":"CAREER"},"content":{"rendered":"<div class=\"vc_row wpb_row vc_row-fluid\" ><div class=\"wpb_column vc_column_container vc_col-sm-12\"><div class=\"vc_column-inner vc_custom_1681895650181\"><div class=\"wpb_wrapper\">\n\t<div class=\"wpb_text_column wpb_content_element  blue-title\" >\n\t\t<div class=\"wpb_wrapper\">\n\t\t\t<h3 style=\"text-align: center;\"><b>CAREER<\/b><\/h3>\n<h3 style=\"text-align: center;\">Join us now!<\/h3>\n\n\t\t<\/div>\n\t<\/div>\n<\/div><\/div><\/div><\/div><div class=\"vc_row wpb_row vc_row-fluid vc_custom_1676367363206 vc_row-o-content-top vc_row-flex\" ><div class=\"wpb_column vc_column_container vc_col-sm-6\"><div class=\"vc_column-inner\"><div class=\"wpb_wrapper\">\n\t<div class=\"wpb_text_column wpb_content_element  blue-text\" >\n\t\t<div class=\"wpb_wrapper\">\n\t\t\t<div class=\"xdj266r x11i5rnm xat24cr x1mh8g0r x1vvkbs x126k92a\">\n<div dir=\"auto\">\n<div class=\"xdj266r x11i5rnm xat24cr x1mh8g0r x1vvkbs x126k92a\">\n<div dir=\"auto\">\n<div class=\"x11i5rnm xat24cr x1mh8g0r x1vvkbs xtlvy1s\">\n<div class=\"xdj266r x11i5rnm xat24cr x1mh8g0r x1vvkbs x126k92a\">We believe that the secret to our success lies in a strong, cohesive team. Our aim is to create an environment where our people can discover their talents and passion for gastronomy, while building a long-term, professional career.<\/div>\n<\/div>\n<\/div>\n<div>\n<div dir=\"auto\">&nbsp;<\/div>\n<div dir=\"auto\">Would you like to work in an inspiring, friendly environment where talent and creativity are valued? Then this is the place for you!<\/div>\n<\/div>\n<\/div>\n<div dir=\"auto\">&nbsp;<\/div>\n<\/div>\n<\/div>\n<div class=\"xdj266r x11i5rnm xat24cr x1mh8g0r x1vvkbs x126k92a\">\n<div dir=\"auto\">\n<p>If you truly love gastronomy, are passionate about your work and want to be part of the Ess\u00eancia Team, we are wating for your CV to the following email address <strong>info@essenciarestaurant.hu<\/strong> .<\/p>\n<\/div>\n<\/div>\n<p>&nbsp;<\/p>\n\n\t\t<\/div>\n\t<\/div>\n<\/div><\/div><\/div><div class=\"wpb_column vc_column_container vc_col-sm-6\"><div class=\"vc_column-inner\"><div class=\"wpb_wrapper\">\n\t<div  class=\"wpb_single_image wpb_content_element vc_align_left  vc_custom_1725014512387\">\n\t\t\n\t\t<figure class=\"wpb_wrapper vc_figure\">\n\t\t\t<div class=\"vc_single_image-wrapper   vc_box_border_grey\"><img fetchpriority=\"high\" decoding=\"async\" width=\"1290\" height=\"2103\" src=\"https:\/\/essenciarestaurant.hu\/wp-content\/uploads\/2024\/08\/IMG_6341.jpg\" class=\"vc_single_image-img attachment-full\" alt=\"\" srcset=\"https:\/\/essenciarestaurant.hu\/wp-content\/uploads\/2024\/08\/IMG_6341.jpg 1290w, https:\/\/essenciarestaurant.hu\/wp-content\/uploads\/2024\/08\/IMG_6341-184x300.jpg 184w, https:\/\/essenciarestaurant.hu\/wp-content\/uploads\/2024\/08\/IMG_6341-628x1024.jpg 628w, https:\/\/essenciarestaurant.hu\/wp-content\/uploads\/2024\/08\/IMG_6341-768x1252.jpg 768w, https:\/\/essenciarestaurant.hu\/wp-content\/uploads\/2024\/08\/IMG_6341-942x1536.jpg 942w, https:\/\/essenciarestaurant.hu\/wp-content\/uploads\/2024\/08\/IMG_6341-1256x2048.jpg 1256w\" sizes=\"(max-width: 1290px) 100vw, 1290px\" \/><\/div>\n\t\t<\/figure>\n\t<\/div>\n<\/div><\/div><\/div><\/div>","protected":false},"excerpt":{"rendered":"KARRIER CSATLAKOZZ HOZZ\u00c1NK! Hissz\u00fck, hogy egy er\u0151s \u00f6sszetart\u00f3 Csapatban rejlik siker\u00fcnk titka. C\u00e9lunk egy olyan k\u00f6rnyezet kialak\u00edt\u00e1sa, ahol munkat\u00e1rsaink felfedezhetik a benn\u00fck rejl\u0151 tehets\u00e9get \u00e9s a gasztron\u00f3mia ir\u00e1nt \u00e9rzett szenved\u00e9ly\u00fcket, mindemellett hossz\u00fat\u00e1v\u00fa, szakmailag megalapozott karriert \u00e9p\u00edthetnek. &nbsp; Szeretn\u00e9l egy inspir\u00e1l\u00f3, bar\u00e1ts\u00e1gos k\u00f6rnyezetben dolgozni, ahol \u00e9rt\u00e9kelik a tehets\u00e9get \u00e9s a kreativit\u00e1st? Akkor n\u00e1lunk a helyed! &nbsp; Ha sz\u00edvb\u0151l szereted a vend\u00e9gl\u00e1t\u00e1st, elhivatott vagy a munk\u00e1d ir\u00e1nt, jelentkezz f\u00e9nyk\u00e9pes \u00f6n\u00e9letrajzoddal az info@essenciarestaurant.hu email c\u00edmen. &nbsp;","protected":false},"author":4,"featured_media":0,"parent":0,"menu_order":0,"comment_status":"closed","ping_status":"closed","template":"","meta":{"ngg_post_thumbnail":0,"footnotes":""},"class_list":["post-7586","page","type-page","status-publish","hentry"],"yoast_head":"<!-- This site is optimized with the Yoast SEO plugin v25.5 - https:\/\/yoast.com\/wordpress\/plugins\/seo\/ -->\n<title>KARRIER - Essencia Restaurant<\/title>\n<meta name=\"robots\" content=\"index, follow, max-snippet:-1, max-image-preview:large, max-video-preview:-1\" \/>\n<link rel=\"canonical\" href=\"http:\/\/essenciarestaurant.hu\/en\/career\/\" \/>\n<meta property=\"og:locale\" content=\"en_GB\" \/>\n<meta property=\"og:type\" content=\"article\" \/>\n<meta property=\"og:title\" content=\"KARRIER - Essencia Restaurant\" \/>\n<meta property=\"og:url\" content=\"http:\/\/essenciarestaurant.hu\/en\/career\/\" \/>\n<meta property=\"og:site_name\" content=\"Essencia Restaurant\" \/>\n<meta property=\"article:publisher\" content=\"https:\/\/www.facebook.com\/Ess%c3%aancia-Restaurant-Tiago-%c3%89va-105859964299066\/\" \/>\n<meta property=\"article:modified_time\" content=\"2025-08-22T15:52:30+00:00\" \/>\n<meta property=\"og:image\" content=\"https:\/\/essenciarestaurant.hu\/wp-content\/uploads\/2020\/06\/story-featured.jpg\" \/>\n\t<meta property=\"og:image:width\" content=\"1300\" \/>\n\t<meta property=\"og:image:height\" content=\"693\" \/>\n\t<meta property=\"og:image:type\" content=\"image\/jpeg\" \/>\n<meta name=\"twitter:card\" content=\"summary_large_image\" \/>\n<meta name=\"twitter:label1\" content=\"Estimated reading time\" \/>\n\t<meta name=\"twitter:data1\" content=\"1 minute\" \/>\n<script type=\"application\/ld+json\" class=\"yoast-schema-graph\">{\"@context\":\"https:\/\/schema.org\",\"@graph\":[{\"@type\":\"WebPage\",\"@id\":\"http:\/\/essenciarestaurant.hu\/karrier\/\",\"url\":\"http:\/\/essenciarestaurant.hu\/karrier\/\",\"name\":\"KARRIER - Essencia Restaurant\",\"isPartOf\":{\"@id\":\"https:\/\/essenciarestaurant.hu\/en\/#website\"},\"datePublished\":\"2022-02-21T07:56:33+00:00\",\"dateModified\":\"2025-08-22T15:52:30+00:00\",\"breadcrumb\":{\"@id\":\"http:\/\/essenciarestaurant.hu\/karrier\/#breadcrumb\"},\"inLanguage\":\"en-GB\",\"potentialAction\":[{\"@type\":\"ReadAction\",\"target\":[\"http:\/\/essenciarestaurant.hu\/karrier\/\"]}]},{\"@type\":\"BreadcrumbList\",\"@id\":\"http:\/\/essenciarestaurant.hu\/karrier\/#breadcrumb\",\"itemListElement\":[{\"@type\":\"ListItem\",\"position\":1,\"name\":\"Kezd\u0151lap\",\"item\":\"https:\/\/essenciarestaurant.hu\/\"},{\"@type\":\"ListItem\",\"position\":2,\"name\":\"KARRIER\"}]},{\"@type\":\"WebSite\",\"@id\":\"https:\/\/essenciarestaurant.hu\/en\/#website\",\"url\":\"https:\/\/essenciarestaurant.hu\/en\/\",\"name\":\"Essencia Restaurant\",\"description\":\"Essencia Restaurant\",\"potentialAction\":[{\"@type\":\"SearchAction\",\"target\":{\"@type\":\"EntryPoint\",\"urlTemplate\":\"https:\/\/essenciarestaurant.hu\/en\/?s={search_term_string}\"},\"query-input\":{\"@type\":\"PropertyValueSpecification\",\"valueRequired\":true,\"valueName\":\"search_term_string\"}}],\"inLanguage\":\"en-GB\"}]}<\/script>\n<!-- \/ Yoast SEO plugin. -->","yoast_head_json":{"title":"KARRIER - Essencia Restaurant","robots":{"index":"index","follow":"follow","max-snippet":"max-snippet:-1","max-image-preview":"max-image-preview:large","max-video-preview":"max-video-preview:-1"},"canonical":"http:\/\/essenciarestaurant.hu\/en\/career\/","og_locale":"en_GB","og_type":"article","og_title":"KARRIER - Essencia Restaurant","og_url":"http:\/\/essenciarestaurant.hu\/en\/career\/","og_site_name":"Essencia Restaurant","article_publisher":"https:\/\/www.facebook.com\/Ess%c3%aancia-Restaurant-Tiago-%c3%89va-105859964299066\/","article_modified_time":"2025-08-22T15:52:30+00:00","og_image":[{"width":1300,"height":693,"url":"https:\/\/essenciarestaurant.hu\/wp-content\/uploads\/2020\/06\/story-featured.jpg","type":"image\/jpeg"}],"twitter_card":"summary_large_image","twitter_misc":{"Estimated reading time":"1 minute"},"schema":{"@context":"https:\/\/schema.org","@graph":[{"@type":"WebPage","@id":"http:\/\/essenciarestaurant.hu\/karrier\/","url":"http:\/\/essenciarestaurant.hu\/karrier\/","name":"KARRIER - Essencia Restaurant","isPartOf":{"@id":"https:\/\/essenciarestaurant.hu\/en\/#website"},"datePublished":"2022-02-21T07:56:33+00:00","dateModified":"2025-08-22T15:52:30+00:00","breadcrumb":{"@id":"http:\/\/essenciarestaurant.hu\/karrier\/#breadcrumb"},"inLanguage":"en-GB","potentialAction":[{"@type":"ReadAction","target":["http:\/\/essenciarestaurant.hu\/karrier\/"]}]},{"@type":"BreadcrumbList","@id":"http:\/\/essenciarestaurant.hu\/karrier\/#breadcrumb","itemListElement":[{"@type":"ListItem","position":1,"name":"Kezd\u0151lap","item":"https:\/\/essenciarestaurant.hu\/"},{"@type":"ListItem","position":2,"name":"KARRIER"}]},{"@type":"WebSite","@id":"https:\/\/essenciarestaurant.hu\/en\/#website","url":"https:\/\/essenciarestaurant.hu\/en\/","name":"Essencia Restaurant","description":"Essencia Restaurant","potentialAction":[{"@type":"SearchAction","target":{"@type":"EntryPoint","urlTemplate":"https:\/\/essenciarestaurant.hu\/en\/?s={search_term_string}"},"query-input":{"@type":"PropertyValueSpecification","valueRequired":true,"valueName":"search_term_string"}}],"inLanguage":"en-GB"}]}},"_links":{"self":[{"href":"https:\/\/essenciarestaurant.hu\/en\/wp-json\/wp\/v2\/pages\/7586","targetHints":{"allow":["GET"]}}],"collection":[{"href":"https:\/\/essenciarestaurant.hu\/en\/wp-json\/wp\/v2\/pages"}],"about":[{"href":"https:\/\/essenciarestaurant.hu\/en\/wp-json\/wp\/v2\/types\/page"}],"author":[{"embeddable":true,"href":"https:\/\/essenciarestaurant.hu\/en\/wp-json\/wp\/v2\/users\/4"}],"replies":[{"embeddable":true,"href":"https:\/\/essenciarestaurant.hu\/en\/wp-json\/wp\/v2\/comments?post=7586"}],"version-history":[{"count":74,"href":"https:\/\/essenciarestaurant.hu\/en\/wp-json\/wp\/v2\/pages\/7586\/revisions"}],"predecessor-version":[{"id":9441,"href":"https:\/\/essenciarestaurant.hu\/en\/wp-json\/wp\/v2\/pages\/7586\/revisions\/9441"}],"wp:attachment":[{"href":"https:\/\/essenciarestaurant.hu\/en\/wp-json\/wp\/v2\/media?parent=7586"}],"curies":[{"name":"wp","href":"https:\/\/api.w.org\/{rel}","templated":true}]}}