{"id":6465,"date":"2021-01-19T18:58:35","date_gmt":"2021-01-19T18:58:35","guid":{"rendered":"https:\/\/essenciarestaurant.hu\/?page_id=6465"},"modified":"2025-07-15T02:28:19","modified_gmt":"2025-07-15T00:28:19","slug":"reservations","status":"publish","type":"page","link":"http:\/\/essenciarestaurant.hu\/en\/reservations\/","title":{"rendered":"Reservations"},"content":{"rendered":"<section data-vc-full-width=\"true\" data-vc-full-width-init=\"false\" data-vc-stretch-content=\"true\" class=\"vc_section aloldal-hero vc_custom_1591913262524\"><div class=\"vc_row wpb_row vc_row-fluid\" ><div class=\"wpb_column vc_column_container vc_col-sm-12\"><div class=\"vc_column-inner\"><div class=\"wpb_wrapper\">\n\t<div  class=\"wpb_single_image wpb_content_element vc_align_center\">\n\t\t\n\t\t<figure class=\"wpb_wrapper vc_figure\">\n\t\t\t<div class=\"vc_single_image-wrapper   vc_box_border_grey\"><img fetchpriority=\"high\" decoding=\"async\" class=\"vc_single_image-img\" src=\"https:\/\/essenciarestaurant.hu\/wp-content\/uploads\/2020\/09\/Restaurant_2-3-scaled-1980x600.jpg\" width=\"1980\" height=\"600\" alt=\"Restaurant_2\" title=\"Restaurant_2\" \/><\/div>\n\t\t<\/figure>\n\t<\/div>\n<\/div><\/div><\/div><\/div><div class=\"vc_row wpb_row vc_row-fluid\" ><div class=\"wpb_column vc_column_container vc_col-sm-2\"><div class=\"vc_column-inner\"><div class=\"wpb_wrapper\"><\/div><\/div><\/div><div class=\"wpb_column vc_column_container vc_col-sm-8 vc_col-has-fill\"><div class=\"vc_column-inner vc_custom_1591913983154\"><div class=\"wpb_wrapper\">\n\t<div class=\"wpb_text_column wpb_content_element  blue-title\" >\n\t\t<div class=\"wpb_wrapper\">\n\t\t\t<h1 style=\"text-align: center;\">Reservations<\/h1>\n\n\t\t<\/div>\n\t<\/div>\n<\/div><\/div><\/div><div class=\"wpb_column vc_column_container vc_col-sm-2\"><div class=\"vc_column-inner\"><div class=\"wpb_wrapper\"><\/div><\/div><\/div><\/div><\/section><div class=\"vc_row-full-width vc_clearfix\"><\/div><section class=\"vc_section\"><div class=\"vc_row wpb_row vc_row-fluid\" ><div class=\"wpb_column vc_column_container vc_col-sm-8\"><div class=\"vc_column-inner\"><div class=\"wpb_wrapper\">\n\t<div class=\"wpb_text_column wpb_content_element  vc_custom_1723632151490 blue-text blue-title\" >\n\t\t<div class=\"wpb_wrapper\">\n\t\t\t<ul>\n<li>RESERVATION INFORMATIONS<\/li>\n<\/ul>\n<p>Table reservations can be made online only through the DinnerBooking service. Please note that we require bank<br \/>\ncard details for each reservation and bookings are only valid upon confirmation. The bank card will not be<br \/>\ncharged during the reservation process.<\/p>\n<p>&nbsp;<\/p>\n<p>If you wish to modify or cancel the reservation, please send us an email\nto <a href=\"mailto:info@essenciarestaurant.hu\">info@essenciarestaurant.hu<\/a> . Please note that we do not accept cancellations or modifications on any other<br \/>\nplatforms. If the modification or the cancellation is made within 24 hours, or your party does not show up for the booked<br \/>\ntime, we will charge an amount of 40.000 HUF\/person if the reservation was made for dinner time, and 20.000\nHUF\/person if the reservation was made for lunch time.<\/p>\n<p>&nbsp;<\/p>\n<p>Please note that earliest reservations are accepted 90 days prior to the desired date.<\/p>\n<p>We would like to kindly inform our guests that the degustation menu is only available if all members of the table order it.<\/p>\n<p>&nbsp;<\/p>\n<p>In case of group reservation for 6 or more people, please contact us at <a href=\"mailto:info@essenciarestaurant.hu\">info@essenciarestaurant.hu<\/a> .<\/p>\n<p>&nbsp;<\/p>\n<p>We are able to make accommodations for common dietary restrictions (for example: vegetarian, pescatarian, and\nfor any food allergy, or intolerance, please note these informations at reservation. We can not guarantee to\naccommodate on the spot requests.<\/p>\n<p>&nbsp;<\/p>\n<ul>\n<li>OPENING HOURS<br \/>\nMonday \u2013 Closed<br \/>\nTuesday \u2013 Closed<br \/>\nWednesday \u2013 18:00-23:00<br \/>\nThursday \u2013 12:00-15:00, 18:00-23:00<br \/>\nFriday \u2013 12:00-15:00, 18:00-23:00<br \/>\nSaturday \u2013 12:00-15:00, 18:00-23:00<br \/>\nSunday \u2013 Closed<\/li>\n<\/ul>\n<p>&nbsp;<\/p>\n<ul>\n<li>LUNCH<\/li>\n<\/ul>\n<p>restaurant \u2013 12.00-15.00<br \/>\nkitchen \u2013 12.00-14.30<\/p>\n<p>At lunch time, in addition to the a la carte menu, you can also choose from our tasting menus: ESSENCIA 17th MAY.<br \/>\nYou can request our tasting menus with wine pairing and non-alcoholic drinks.<\/p>\n<p>&nbsp;<\/p>\n<ul>\n<li>DINNER<\/li>\n<\/ul>\n<p>restaurant \u2013 18.00-23.00<br \/>\nkitchen \u2013 18.00-21.30<\/p>\n<p>At dinner time, you can choose from our tasting menus: ESSENCIA 17th MAY.<br \/>\nYou can request our tasting menus with wine pairing and non-alcoholic drinks.<\/p>\n<p>&nbsp;<\/p>\n<ul>\n<li>PET POLICY<\/li>\n<\/ul>\n<p>Please leave your four-legged friends at home during your visit!<\/p>\n<p>&nbsp;<\/p>\n<ul>\n<li>DINING WITH CHILDREN<\/li>\n<\/ul>\n<p>Please keep in mind that Ess\u00eancia offers a fine dining gastronomic experience for both lunch and dinner. Please\nnote that we do not have children\u2019s menu available, but young guests are welcome as long as they participate in\ndining from our regular menu. We recommend our restaurant for children over the age of 7.<\/p>\n\n\t\t<\/div>\n\t<\/div>\n<\/div><\/div><\/div><\/div><div class=\"vc_row wpb_row vc_row-fluid\" ><div class=\"wpb_column vc_column_container vc_col-sm-12\"><div class=\"vc_column-inner\"><div class=\"wpb_wrapper\"><div class=\"vc_btn3-container vc_btn3-center\" ><a class=\"vc_general vc_btn3 vc_btn3-size-lg vc_btn3-shape-square vc_btn3-style-classic vc_btn3-color-black\" href=\"https:\/\/book.dinnerbooking.com\/hu\/en-US\/book\/index\/3492\/2\" title=\"\">RESERVATION<\/a><\/div><\/div><\/div><\/div><\/div><\/section><div class=\"vc_row wpb_row vc_row-fluid vc_custom_1634194331808\" ><div class=\"wpb_column vc_column_container vc_col-sm-12\"><div class=\"vc_column-inner\"><div class=\"wpb_wrapper\">\n\t<div class=\"wpb_raw_code wpb_content_element wpb_raw_html vc_custom_1634194305159\" >\n\t\t<div class=\"wpb_wrapper\">\n\t\t\t<iframe src=\"https:\/\/www.google.com\/maps\/embed?pb=!1m18!1m12!1m3!1d2695.4186743106584!2d19.04987381562688!3d47.50123707917785!2m3!1f0!2f0!3f0!3m2!1i1024!2i768!4f13.1!3m3!1m2!1s0x4741dd654438dad7%3A0x9c77c0115377756a!2sEss%C3%AAncia%20Restaurant%20-%20Tiago%20%26%20%C3%89va!5e0!3m2!1sen!2shu!4v1594984915034!5m2!1sen!2shu\" width=\"100%\" height=\"450\" frameborder=\"0\" style=\"border:0;\" allowfullscreen=\"\" aria-hidden=\"false\" tabindex=\"0\"><\/iframe>\n\t\t<\/div>\n\t<\/div>\n<\/div><\/div><\/div><\/div>","protected":false},"excerpt":{"rendered":"Foglal\u00e1s FOGLAL\u00c1SI INFORM\u00c1CI\u00d3K Asztalfoglal\u00e1s csak online, a DinnerBooking szolg\u00e1ltat\u00e1s\u00e1n kereszt\u00fcl t\u00f6rt\u00e9nik, \u00e9s a bankk\u00e1rtya adatok sikeres regisztr\u00e1l\u00e1sa ut\u00e1n garant\u00e1lt, \u00e9s csak visszaigazol\u00e1s eset\u00e9n \u00e9rv\u00e9nyes. A foglal\u00e1s v\u00e9gleges\u00edt\u00e9se sor\u00e1n a bankk\u00e1rtya nem ker\u00fcl megterhel\u00e9sre. &nbsp; A foglal\u00e1s m\u00f3dos\u00edt\u00e1sa vagy lemond\u00e1sa \u00edr\u00e1sban az info@essenciarestaurant.hu email c\u00edmre jelezve lehets\u00e9ges. T\u00e1j\u00e9koztatjuk, hogy a b\u00e1rmilyen m\u00e1s fel\u00fcleten k\u00fcld\u00f6tt, m\u00f3dos\u00edt\u00e1ssal, vagy lemond\u00e1ssal kapcsolatos \u00fczeneteket nem \u00e1ll m\u00f3dunkban elfogadni. Abban az esetben, hogyha asztalfoglal\u00e1s\u00e1t 24 \u00f3r\u00e1n bel\u00fcl m\u00f3dos\u00edtja, lemondja vagy a foglalt id\u0151pontban nem jelenik meg, szem\u00e9lyenk\u00e9nt, vacsora id\u0151re t\u00f6rt\u00e9nt foglal\u00e1s eset\u00e9n 40.000 Ft k\u00f6tb\u00e9rt, eb\u00e9d id\u0151re t\u00f6rt\u00e9nt foglal\u00e1s eset\u00e9n 20.000 Ft k\u00f6tb\u00e9rt terhel\u00fcnk a megadott bankk\u00e1rty\u00e1ra. [...]","protected":false},"author":4,"featured_media":0,"parent":0,"menu_order":0,"comment_status":"closed","ping_status":"closed","template":"","meta":{"ngg_post_thumbnail":0,"footnotes":""},"class_list":["post-6465","page","type-page","status-publish","hentry"],"yoast_head":"<!-- This site is optimized with the Yoast SEO plugin v25.5 - https:\/\/yoast.com\/wordpress\/plugins\/seo\/ -->\n<title>Foglal\u00e1s - Essencia Restaurant<\/title>\n<meta name=\"robots\" content=\"index, follow, max-snippet:-1, max-image-preview:large, max-video-preview:-1\" \/>\n<link rel=\"canonical\" href=\"https:\/\/essenciarestaurant.hu\/en\/reservations\/\" \/>\n<meta property=\"og:locale\" content=\"en_GB\" \/>\n<meta property=\"og:type\" content=\"article\" \/>\n<meta property=\"og:title\" content=\"Foglal\u00e1s - Essencia Restaurant\" \/>\n<meta property=\"og:url\" content=\"https:\/\/essenciarestaurant.hu\/en\/reservations\/\" \/>\n<meta property=\"og:site_name\" content=\"Essencia Restaurant\" \/>\n<meta property=\"article:publisher\" content=\"https:\/\/www.facebook.com\/Ess%c3%aancia-Restaurant-Tiago-%c3%89va-105859964299066\/\" \/>\n<meta property=\"article:modified_time\" content=\"2025-07-15T00:28:19+00:00\" \/>\n<meta property=\"og:image\" content=\"https:\/\/essenciarestaurant.hu\/wp-content\/uploads\/2020\/06\/story-featured.jpg\" \/>\n\t<meta property=\"og:image:width\" content=\"1300\" \/>\n\t<meta property=\"og:image:height\" content=\"693\" \/>\n\t<meta property=\"og:image:type\" content=\"image\/jpeg\" \/>\n<meta name=\"twitter:card\" content=\"summary_large_image\" \/>\n<meta name=\"twitter:label1\" content=\"Estimated reading time\" \/>\n\t<meta name=\"twitter:data1\" content=\"4 minutes\" \/>\n<script type=\"application\/ld+json\" class=\"yoast-schema-graph\">{\"@context\":\"https:\/\/schema.org\",\"@graph\":[{\"@type\":\"WebPage\",\"@id\":\"https:\/\/essenciarestaurant.hu\/en\/reservations\/\",\"url\":\"https:\/\/essenciarestaurant.hu\/en\/reservations\/\",\"name\":\"Foglal\u00e1s - Essencia Restaurant\",\"isPartOf\":{\"@id\":\"https:\/\/essenciarestaurant.hu\/en\/#website\"},\"datePublished\":\"2021-01-19T18:58:35+00:00\",\"dateModified\":\"2025-07-15T00:28:19+00:00\",\"breadcrumb\":{\"@id\":\"https:\/\/essenciarestaurant.hu\/en\/reservations\/#breadcrumb\"},\"inLanguage\":\"en-GB\",\"potentialAction\":[{\"@type\":\"ReadAction\",\"target\":[\"https:\/\/essenciarestaurant.hu\/en\/reservations\/\"]}]},{\"@type\":\"BreadcrumbList\",\"@id\":\"https:\/\/essenciarestaurant.hu\/en\/reservations\/#breadcrumb\",\"itemListElement\":[{\"@type\":\"ListItem\",\"position\":1,\"name\":\"Kezd\u0151lap\",\"item\":\"https:\/\/essenciarestaurant.hu\/\"},{\"@type\":\"ListItem\",\"position\":2,\"name\":\"Foglal\u00e1s\"}]},{\"@type\":\"WebSite\",\"@id\":\"https:\/\/essenciarestaurant.hu\/en\/#website\",\"url\":\"https:\/\/essenciarestaurant.hu\/en\/\",\"name\":\"Essencia Restaurant\",\"description\":\"Essencia Restaurant\",\"potentialAction\":[{\"@type\":\"SearchAction\",\"target\":{\"@type\":\"EntryPoint\",\"urlTemplate\":\"https:\/\/essenciarestaurant.hu\/en\/?s={search_term_string}\"},\"query-input\":{\"@type\":\"PropertyValueSpecification\",\"valueRequired\":true,\"valueName\":\"search_term_string\"}}],\"inLanguage\":\"en-GB\"}]}<\/script>\n<!-- \/ Yoast SEO plugin. -->","yoast_head_json":{"title":"Foglal\u00e1s - Essencia Restaurant","robots":{"index":"index","follow":"follow","max-snippet":"max-snippet:-1","max-image-preview":"max-image-preview:large","max-video-preview":"max-video-preview:-1"},"canonical":"https:\/\/essenciarestaurant.hu\/en\/reservations\/","og_locale":"en_GB","og_type":"article","og_title":"Foglal\u00e1s - Essencia Restaurant","og_url":"https:\/\/essenciarestaurant.hu\/en\/reservations\/","og_site_name":"Essencia Restaurant","article_publisher":"https:\/\/www.facebook.com\/Ess%c3%aancia-Restaurant-Tiago-%c3%89va-105859964299066\/","article_modified_time":"2025-07-15T00:28:19+00:00","og_image":[{"width":1300,"height":693,"url":"https:\/\/essenciarestaurant.hu\/wp-content\/uploads\/2020\/06\/story-featured.jpg","type":"image\/jpeg"}],"twitter_card":"summary_large_image","twitter_misc":{"Estimated reading time":"4 minutes"},"schema":{"@context":"https:\/\/schema.org","@graph":[{"@type":"WebPage","@id":"https:\/\/essenciarestaurant.hu\/en\/reservations\/","url":"https:\/\/essenciarestaurant.hu\/en\/reservations\/","name":"Foglal\u00e1s - Essencia Restaurant","isPartOf":{"@id":"https:\/\/essenciarestaurant.hu\/en\/#website"},"datePublished":"2021-01-19T18:58:35+00:00","dateModified":"2025-07-15T00:28:19+00:00","breadcrumb":{"@id":"https:\/\/essenciarestaurant.hu\/en\/reservations\/#breadcrumb"},"inLanguage":"en-GB","potentialAction":[{"@type":"ReadAction","target":["https:\/\/essenciarestaurant.hu\/en\/reservations\/"]}]},{"@type":"BreadcrumbList","@id":"https:\/\/essenciarestaurant.hu\/en\/reservations\/#breadcrumb","itemListElement":[{"@type":"ListItem","position":1,"name":"Kezd\u0151lap","item":"https:\/\/essenciarestaurant.hu\/"},{"@type":"ListItem","position":2,"name":"Foglal\u00e1s"}]},{"@type":"WebSite","@id":"https:\/\/essenciarestaurant.hu\/en\/#website","url":"https:\/\/essenciarestaurant.hu\/en\/","name":"Essencia Restaurant","description":"Essencia Restaurant","potentialAction":[{"@type":"SearchAction","target":{"@type":"EntryPoint","urlTemplate":"https:\/\/essenciarestaurant.hu\/en\/?s={search_term_string}"},"query-input":{"@type":"PropertyValueSpecification","valueRequired":true,"valueName":"search_term_string"}}],"inLanguage":"en-GB"}]}},"_links":{"self":[{"href":"https:\/\/essenciarestaurant.hu\/en\/wp-json\/wp\/v2\/pages\/6465","targetHints":{"allow":["GET"]}}],"collection":[{"href":"https:\/\/essenciarestaurant.hu\/en\/wp-json\/wp\/v2\/pages"}],"about":[{"href":"https:\/\/essenciarestaurant.hu\/en\/wp-json\/wp\/v2\/types\/page"}],"author":[{"embeddable":true,"href":"https:\/\/essenciarestaurant.hu\/en\/wp-json\/wp\/v2\/users\/4"}],"replies":[{"embeddable":true,"href":"https:\/\/essenciarestaurant.hu\/en\/wp-json\/wp\/v2\/comments?post=6465"}],"version-history":[{"count":63,"href":"https:\/\/essenciarestaurant.hu\/en\/wp-json\/wp\/v2\/pages\/6465\/revisions"}],"predecessor-version":[{"id":8833,"href":"https:\/\/essenciarestaurant.hu\/en\/wp-json\/wp\/v2\/pages\/6465\/revisions\/8833"}],"wp:attachment":[{"href":"https:\/\/essenciarestaurant.hu\/en\/wp-json\/wp\/v2\/media?parent=6465"}],"curies":[{"name":"wp","href":"https:\/\/api.w.org\/{rel}","templated":true}]}}