{"id":6325,"date":"2020-10-13T09:29:13","date_gmt":"2020-10-13T09:29:13","guid":{"rendered":"https:\/\/essenciarestaurant.hu\/?page_id=6325"},"modified":"2021-10-18T12:03:45","modified_gmt":"2021-10-18T12:03:45","slug":"galeria","status":"publish","type":"page","link":"http:\/\/essenciarestaurant.hu\/en\/galeria\/","title":{"rendered":"Gal\u00e9ria"},"content":{"rendered":"<section class=\"vc_section\"><div class=\"vc_row wpb_row vc_row-fluid vc_custom_1633595101215\" ><div class=\"wpb_column vc_column_container vc_col-sm-12\"><div class=\"vc_column-inner\"><div class=\"wpb_wrapper\">\n\t<div class=\"wpb_text_column wpb_content_element\" >\n\t\t<div class=\"wpb_wrapper\">\n\t\t\t<h1 style=\"text-align: center;\">Gal\u00e9ria<\/h1>\n\n\t\t<\/div>\n\t<\/div>\n<\/div><\/div><\/div><\/div><\/section><div class=\"vc_row wpb_row vc_row-fluid vc_custom_1634197223433\" ><div class=\"gallery-text wpb_column vc_column_container vc_col-sm-3\" id=\"gt-1\"><div class=\"vc_column-inner\"><div class=\"wpb_wrapper\">\n\t<div class=\"wpb_text_column wpb_content_element\" >\n\t\t<div class=\"wpb_wrapper\">\n\t\t\t<h2>Csapat<\/h2>\n\n\t\t<\/div>\n\t<\/div>\n<\/div><\/div><\/div><div class=\"gallery-text wpb_column vc_column_container vc_col-sm-3\" id=\"gt-2\"><div class=\"vc_column-inner\"><div class=\"wpb_wrapper\">\n\t<div class=\"wpb_text_column wpb_content_element\" >\n\t\t<div class=\"wpb_wrapper\">\n\t\t\t<h2>Enterior<\/h2>\n\n\t\t<\/div>\n\t<\/div>\n<\/div><\/div><\/div><div class=\"gallery-text wpb_column vc_column_container vc_col-sm-3\" id=\"gt-3\"><div class=\"vc_column-inner\"><div class=\"wpb_wrapper\">\n\t<div class=\"wpb_text_column wpb_content_element\" >\n\t\t<div class=\"wpb_wrapper\">\n\t\t\t<h2>Esem\u00e9nyek<\/h2>\n\n\t\t<\/div>\n\t<\/div>\n<\/div><\/div><\/div><div class=\"gallery-text wpb_column vc_column_container vc_col-sm-3\" id=\"gt-4\"><div class=\"vc_column-inner\"><div class=\"wpb_wrapper\">\n\t<div class=\"wpb_text_column wpb_content_element\" >\n\t\t<div class=\"wpb_wrapper\">\n\t\t\t<h2>\u00c9telek<\/h2>\n\n\t\t<\/div>\n\t<\/div>\n<\/div><\/div><\/div><\/div><div id=\"g-1\" class=\"vc_row wpb_row vc_row-fluid\" ><div class=\"wpb_column vc_column_container vc_col-sm-12\"><div class=\"vc_column-inner\"><div class=\"wpb_wrapper\">\n<div class=\"vc_grid-container-wrapper vc_clearfix\">\n\t<div class=\"vc_grid-container vc_clearfix wpb_content_element vc_masonry_media_grid\" data-initial-loading-animation=\"zoomIn\" data-vc-grid-settings=\"{&quot;page_id&quot;:6325,&quot;style&quot;:&quot;all-masonry&quot;,&quot;action&quot;:&quot;vc_get_vc_grid_data&quot;,&quot;shortcode_id&quot;:&quot;1634558598009-aba4e549-da29-9&quot;,&quot;tag&quot;:&quot;vc_masonry_media_grid&quot;}\" data-vc-request=\"https:\/\/essenciarestaurant.hu\/wp-admin\/admin-ajax.php\" data-vc-post-id=\"6325\" data-vc-public-nonce=\"cc81a2d504\">\n\t\t\n\t<\/div>\n<\/div><\/div><\/div><\/div><\/div><div id=\"g-2\" class=\"vc_row wpb_row vc_row-fluid\" ><div class=\"wpb_column vc_column_container vc_col-sm-12\"><div class=\"vc_column-inner\"><div class=\"wpb_wrapper\">\n<div class=\"vc_grid-container-wrapper vc_clearfix\">\n\t<div class=\"vc_grid-container vc_clearfix wpb_content_element vc_masonry_media_grid\" data-initial-loading-animation=\"zoomIn\" data-vc-grid-settings=\"{&quot;page_id&quot;:6325,&quot;style&quot;:&quot;all-masonry&quot;,&quot;action&quot;:&quot;vc_get_vc_grid_data&quot;,&quot;shortcode_id&quot;:&quot;1634558598011-a9697b14-1edf-3&quot;,&quot;tag&quot;:&quot;vc_masonry_media_grid&quot;}\" data-vc-request=\"https:\/\/essenciarestaurant.hu\/wp-admin\/admin-ajax.php\" data-vc-post-id=\"6325\" data-vc-public-nonce=\"cc81a2d504\">\n\t\t\n\t<\/div>\n<\/div><\/div><\/div><\/div><\/div><div id=\"g-3\" class=\"vc_row wpb_row vc_row-fluid\" ><div class=\"wpb_column vc_column_container vc_col-sm-12\"><div class=\"vc_column-inner\"><div class=\"wpb_wrapper\">\n<div class=\"vc_grid-container-wrapper vc_clearfix\">\n\t<div class=\"vc_grid-container vc_clearfix wpb_content_element vc_masonry_media_grid\" data-initial-loading-animation=\"zoomIn\" data-vc-grid-settings=\"{&quot;page_id&quot;:6325,&quot;style&quot;:&quot;all-masonry&quot;,&quot;action&quot;:&quot;vc_get_vc_grid_data&quot;,&quot;shortcode_id&quot;:&quot;1634558598012-f143515e-e1d5-10&quot;,&quot;tag&quot;:&quot;vc_masonry_media_grid&quot;}\" data-vc-request=\"https:\/\/essenciarestaurant.hu\/wp-admin\/admin-ajax.php\" data-vc-post-id=\"6325\" data-vc-public-nonce=\"cc81a2d504\">\n\t\t\n\t<\/div>\n<\/div><\/div><\/div><\/div><\/div><div id=\"g-4\" class=\"vc_row wpb_row vc_row-fluid\" ><div class=\"wpb_column vc_column_container vc_col-sm-12\"><div class=\"vc_column-inner\"><div class=\"wpb_wrapper\">\n<div class=\"vc_grid-container-wrapper vc_clearfix\">\n\t<div class=\"vc_grid-container vc_clearfix wpb_content_element vc_masonry_media_grid\" data-initial-loading-animation=\"zoomIn\" data-vc-grid-settings=\"{&quot;page_id&quot;:6325,&quot;style&quot;:&quot;all-masonry&quot;,&quot;action&quot;:&quot;vc_get_vc_grid_data&quot;,&quot;shortcode_id&quot;:&quot;1634558598014-36a3b818-4ed9-9&quot;,&quot;tag&quot;:&quot;vc_masonry_media_grid&quot;}\" data-vc-request=\"https:\/\/essenciarestaurant.hu\/wp-admin\/admin-ajax.php\" data-vc-post-id=\"6325\" data-vc-public-nonce=\"cc81a2d504\">\n\t\t\n\t<\/div>\n<\/div><\/div><\/div><\/div><\/div><div class=\"vc_row wpb_row vc_row-fluid\" ><div class=\"wpb_column vc_column_container vc_col-sm-12\"><div class=\"vc_column-inner\"><div class=\"wpb_wrapper\"><div class=\"vc_empty_space\"   style=\"height: 60px\"><span class=\"vc_empty_space_inner\"><\/span><\/div><\/div><\/div><\/div><\/div>","protected":false},"excerpt":{"rendered":"Gal\u00e9ria Csapat Enterior Esem\u00e9nyek \u00c9telek","protected":false},"author":2,"featured_media":0,"parent":0,"menu_order":0,"comment_status":"closed","ping_status":"closed","template":"","meta":{"ngg_post_thumbnail":0,"footnotes":""},"class_list":["post-6325","page","type-page","status-publish","hentry"],"yoast_head":"<!-- This site is optimized with the Yoast SEO plugin v25.5 - https:\/\/yoast.com\/wordpress\/plugins\/seo\/ -->\n<title>Gal\u00e9ria - Essencia Restaurant<\/title>\n<meta name=\"robots\" content=\"index, follow, max-snippet:-1, max-image-preview:large, max-video-preview:-1\" \/>\n<link rel=\"canonical\" href=\"http:\/\/essenciarestaurant.hu\/en\/galeria\/\" \/>\n<meta property=\"og:locale\" content=\"en_GB\" \/>\n<meta property=\"og:type\" content=\"article\" \/>\n<meta property=\"og:title\" content=\"Gal\u00e9ria - Essencia Restaurant\" \/>\n<meta property=\"og:url\" content=\"http:\/\/essenciarestaurant.hu\/en\/galeria\/\" \/>\n<meta property=\"og:site_name\" content=\"Essencia Restaurant\" \/>\n<meta property=\"article:publisher\" content=\"https:\/\/www.facebook.com\/Ess%c3%aancia-Restaurant-Tiago-%c3%89va-105859964299066\/\" \/>\n<meta property=\"article:modified_time\" content=\"2021-10-18T12:03:45+00:00\" \/>\n<meta property=\"og:image\" content=\"https:\/\/essenciarestaurant.hu\/wp-content\/uploads\/2020\/06\/story-featured.jpg\" \/>\n\t<meta property=\"og:image:width\" content=\"1300\" \/>\n\t<meta property=\"og:image:height\" content=\"693\" \/>\n\t<meta property=\"og:image:type\" content=\"image\/jpeg\" \/>\n<meta name=\"twitter:card\" content=\"summary_large_image\" \/>\n<meta name=\"twitter:label1\" content=\"Estimated reading time\" \/>\n\t<meta name=\"twitter:data1\" content=\"1 minute\" \/>\n<script type=\"application\/ld+json\" class=\"yoast-schema-graph\">{\"@context\":\"https:\/\/schema.org\",\"@graph\":[{\"@type\":\"WebPage\",\"@id\":\"http:\/\/essenciarestaurant.hu\/galeria\/\",\"url\":\"http:\/\/essenciarestaurant.hu\/galeria\/\",\"name\":\"Gal\u00e9ria - Essencia Restaurant\",\"isPartOf\":{\"@id\":\"https:\/\/essenciarestaurant.hu\/en\/#website\"},\"datePublished\":\"2020-10-13T09:29:13+00:00\",\"dateModified\":\"2021-10-18T12:03:45+00:00\",\"breadcrumb\":{\"@id\":\"http:\/\/essenciarestaurant.hu\/galeria\/#breadcrumb\"},\"inLanguage\":\"en-GB\",\"potentialAction\":[{\"@type\":\"ReadAction\",\"target\":[\"http:\/\/essenciarestaurant.hu\/galeria\/\"]}]},{\"@type\":\"BreadcrumbList\",\"@id\":\"http:\/\/essenciarestaurant.hu\/galeria\/#breadcrumb\",\"itemListElement\":[{\"@type\":\"ListItem\",\"position\":1,\"name\":\"Kezd\u0151lap\",\"item\":\"https:\/\/essenciarestaurant.hu\/\"},{\"@type\":\"ListItem\",\"position\":2,\"name\":\"Gal\u00e9ria\"}]},{\"@type\":\"WebSite\",\"@id\":\"https:\/\/essenciarestaurant.hu\/en\/#website\",\"url\":\"https:\/\/essenciarestaurant.hu\/en\/\",\"name\":\"Essencia Restaurant\",\"description\":\"Essencia Restaurant\",\"potentialAction\":[{\"@type\":\"SearchAction\",\"target\":{\"@type\":\"EntryPoint\",\"urlTemplate\":\"https:\/\/essenciarestaurant.hu\/en\/?s={search_term_string}\"},\"query-input\":{\"@type\":\"PropertyValueSpecification\",\"valueRequired\":true,\"valueName\":\"search_term_string\"}}],\"inLanguage\":\"en-GB\"}]}<\/script>\n<!-- \/ Yoast SEO plugin. -->","yoast_head_json":{"title":"Gal\u00e9ria - Essencia Restaurant","robots":{"index":"index","follow":"follow","max-snippet":"max-snippet:-1","max-image-preview":"max-image-preview:large","max-video-preview":"max-video-preview:-1"},"canonical":"http:\/\/essenciarestaurant.hu\/en\/galeria\/","og_locale":"en_GB","og_type":"article","og_title":"Gal\u00e9ria - Essencia Restaurant","og_url":"http:\/\/essenciarestaurant.hu\/en\/galeria\/","og_site_name":"Essencia Restaurant","article_publisher":"https:\/\/www.facebook.com\/Ess%c3%aancia-Restaurant-Tiago-%c3%89va-105859964299066\/","article_modified_time":"2021-10-18T12:03:45+00:00","og_image":[{"width":1300,"height":693,"url":"https:\/\/essenciarestaurant.hu\/wp-content\/uploads\/2020\/06\/story-featured.jpg","type":"image\/jpeg"}],"twitter_card":"summary_large_image","twitter_misc":{"Estimated reading time":"1 minute"},"schema":{"@context":"https:\/\/schema.org","@graph":[{"@type":"WebPage","@id":"http:\/\/essenciarestaurant.hu\/galeria\/","url":"http:\/\/essenciarestaurant.hu\/galeria\/","name":"Gal\u00e9ria - Essencia Restaurant","isPartOf":{"@id":"https:\/\/essenciarestaurant.hu\/en\/#website"},"datePublished":"2020-10-13T09:29:13+00:00","dateModified":"2021-10-18T12:03:45+00:00","breadcrumb":{"@id":"http:\/\/essenciarestaurant.hu\/galeria\/#breadcrumb"},"inLanguage":"en-GB","potentialAction":[{"@type":"ReadAction","target":["http:\/\/essenciarestaurant.hu\/galeria\/"]}]},{"@type":"BreadcrumbList","@id":"http:\/\/essenciarestaurant.hu\/galeria\/#breadcrumb","itemListElement":[{"@type":"ListItem","position":1,"name":"Kezd\u0151lap","item":"https:\/\/essenciarestaurant.hu\/"},{"@type":"ListItem","position":2,"name":"Gal\u00e9ria"}]},{"@type":"WebSite","@id":"https:\/\/essenciarestaurant.hu\/en\/#website","url":"https:\/\/essenciarestaurant.hu\/en\/","name":"Essencia Restaurant","description":"Essencia Restaurant","potentialAction":[{"@type":"SearchAction","target":{"@type":"EntryPoint","urlTemplate":"https:\/\/essenciarestaurant.hu\/en\/?s={search_term_string}"},"query-input":{"@type":"PropertyValueSpecification","valueRequired":true,"valueName":"search_term_string"}}],"inLanguage":"en-GB"}]}},"_links":{"self":[{"href":"https:\/\/essenciarestaurant.hu\/en\/wp-json\/wp\/v2\/pages\/6325","targetHints":{"allow":["GET"]}}],"collection":[{"href":"https:\/\/essenciarestaurant.hu\/en\/wp-json\/wp\/v2\/pages"}],"about":[{"href":"https:\/\/essenciarestaurant.hu\/en\/wp-json\/wp\/v2\/types\/page"}],"author":[{"embeddable":true,"href":"https:\/\/essenciarestaurant.hu\/en\/wp-json\/wp\/v2\/users\/2"}],"replies":[{"embeddable":true,"href":"https:\/\/essenciarestaurant.hu\/en\/wp-json\/wp\/v2\/comments?post=6325"}],"version-history":[{"count":24,"href":"https:\/\/essenciarestaurant.hu\/en\/wp-json\/wp\/v2\/pages\/6325\/revisions"}],"predecessor-version":[{"id":7139,"href":"https:\/\/essenciarestaurant.hu\/en\/wp-json\/wp\/v2\/pages\/6325\/revisions\/7139"}],"wp:attachment":[{"href":"https:\/\/essenciarestaurant.hu\/en\/wp-json\/wp\/v2\/media?parent=6325"}],"curies":[{"name":"wp","href":"https:\/\/api.w.org\/{rel}","templated":true}]}}