{"id":6002,"date":"2020-07-17T12:12:46","date_gmt":"2020-07-17T12:12:46","guid":{"rendered":"https:\/\/essenciarestaurant.hu\/?page_id=6002"},"modified":"2023-10-03T14:45:13","modified_gmt":"2023-10-03T12:45:13","slug":"impress","status":"publish","type":"page","link":"http:\/\/essenciarestaurant.hu\/en\/impress\/","title":{"rendered":"Impress"},"content":{"rendered":"<section class=\"vc_section\"><div class=\"vc_row wpb_row vc_row-fluid\" ><div class=\"wpb_column vc_column_container vc_col-sm-12\"><div class=\"vc_column-inner\"><div class=\"wpb_wrapper\">\n\t<div class=\"wpb_text_column wpb_content_element\" >\n\t\t<div class=\"wpb_wrapper\">\n\t\t\t<h1>Impress<\/h1>\n<p><strong>Name of service provider, data controller:<\/strong><\/p>\n<table>\n<tbody>\n<tr>\n<td width=\"249\">Name:<\/td>\n<td width=\"358\">Essenciagourmet Kft.<\/td>\n<\/tr>\n<tr>\n<td width=\"249\">Headquarters address:<\/td>\n<td width=\"358\">1098 Budapest, Napf\u00e9ny utca 5. II. lh\u00e1z. f\u00f6ldszint 1.<\/td>\n<\/tr>\n<tr>\n<td width=\"249\">Tax number:<\/td>\n<td width=\"358\">27284137243<\/td>\n<\/tr>\n<tr>\n<td width=\"249\">&nbsp;<\/td>\n<td width=\"358\">&nbsp;<\/td>\n<\/tr>\n<tr>\n<td width=\"249\">Website URL:<\/td>\n<td width=\"358\">www.essenciarestaurant.hu<\/td>\n<\/tr>\n<tr>\n<td width=\"249\">Availability of the Privacy Policy:<\/td>\n<td width=\"358\">website<\/td>\n<\/tr>\n<\/tbody>\n<\/table>\n<p><strong><u>Hosting provider:<\/u><\/strong><\/p>\n<table>\n<tbody>\n<tr>\n<td width=\"249\">Name:<\/td>\n<td width=\"358\">BlazeArts Kft.<\/td>\n<\/tr>\n<tr>\n<td width=\"249\">Headquarters address:<\/td>\n<td width=\"358\">1096 Budapest, Thaly K\u00e1lm\u00e1n utca 39.<\/td>\n<\/tr>\n<tr>\n<td width=\"249\">&nbsp;Telephone:<\/td>\n<td width=\"358\">+36 1 610 5506, +36 1 610 5507<\/td>\n<\/tr>\n<tr>\n<td width=\"249\">E-mail:<\/td>\n<td width=\"358\">admin@forpsi.hu<\/td>\n<\/tr>\n<\/tbody>\n<\/table>\n<p>&nbsp;<\/p>\n\n\t\t<\/div>\n\t<\/div>\n<\/div><\/div><\/div><\/div><\/section>","protected":false},"excerpt":{"rendered":"Impresszum Szolg\u00e1ltat\u00f3, adatkezel\u0151 megnevez\u00e9se: N\u00e9v \/ c\u00e9gn\u00e9v: Essenciagourmet Kft. Sz\u00e9khely: 1098 Budapest, Napf\u00e9ny utca 5. II. lh\u00e1z. f\u00f6ldszint 1. Ad\u00f3sz\u00e1m: 27284137243 &nbsp; &nbsp; Weboldal megnevez\u00e9se, c\u00edme: www.essenciarestaurant.hu Az adatkezel\u00e9si t\u00e1j\u00e9koztat\u00f3 el\u00e9rhet\u0151s\u00e9ge: honlap T\u00e1rhelyszolg\u00e1ltat\u00f3: N\u00e9v \/ c\u00e9gn\u00e9v: BlazeArts Kft. Sz\u00e9khely: 1096 Budapest, Thaly K\u00e1lm\u00e1n utca 39. &nbsp;Telefonsz\u00e1m +36 1 610 5506, +36 1 610 5507 E-mail: admin@forpsi.hu &nbsp;","protected":false},"author":2,"featured_media":0,"parent":0,"menu_order":0,"comment_status":"closed","ping_status":"closed","template":"","meta":{"ngg_post_thumbnail":0,"footnotes":""},"class_list":["post-6002","page","type-page","status-publish","hentry"],"yoast_head":"<!-- This site is optimized with the Yoast SEO plugin v25.5 - https:\/\/yoast.com\/wordpress\/plugins\/seo\/ -->\n<title>Impresszum - Essencia Restaurant<\/title>\n<meta name=\"robots\" content=\"index, follow, max-snippet:-1, max-image-preview:large, max-video-preview:-1\" \/>\n<link rel=\"canonical\" href=\"http:\/\/essenciarestaurant.hu\/en\/impress\/\" \/>\n<meta property=\"og:locale\" content=\"en_GB\" \/>\n<meta property=\"og:type\" content=\"article\" \/>\n<meta property=\"og:title\" content=\"Impresszum - Essencia Restaurant\" \/>\n<meta property=\"og:url\" content=\"http:\/\/essenciarestaurant.hu\/en\/impress\/\" \/>\n<meta property=\"og:site_name\" content=\"Essencia Restaurant\" \/>\n<meta property=\"article:publisher\" content=\"https:\/\/www.facebook.com\/Ess%c3%aancia-Restaurant-Tiago-%c3%89va-105859964299066\/\" \/>\n<meta property=\"article:modified_time\" content=\"2023-10-03T12:45:13+00:00\" \/>\n<meta property=\"og:image\" content=\"https:\/\/essenciarestaurant.hu\/wp-content\/uploads\/2020\/06\/story-featured.jpg\" \/>\n\t<meta property=\"og:image:width\" content=\"1300\" \/>\n\t<meta property=\"og:image:height\" content=\"693\" \/>\n\t<meta property=\"og:image:type\" content=\"image\/jpeg\" \/>\n<meta name=\"twitter:card\" content=\"summary_large_image\" \/>\n<script type=\"application\/ld+json\" class=\"yoast-schema-graph\">{\"@context\":\"https:\/\/schema.org\",\"@graph\":[{\"@type\":\"WebPage\",\"@id\":\"http:\/\/essenciarestaurant.hu\/en\/impress\/\",\"url\":\"http:\/\/essenciarestaurant.hu\/en\/impress\/\",\"name\":\"Impresszum - Essencia Restaurant\",\"isPartOf\":{\"@id\":\"https:\/\/essenciarestaurant.hu\/en\/#website\"},\"datePublished\":\"2020-07-17T12:12:46+00:00\",\"dateModified\":\"2023-10-03T12:45:13+00:00\",\"breadcrumb\":{\"@id\":\"http:\/\/essenciarestaurant.hu\/en\/impress\/#breadcrumb\"},\"inLanguage\":\"en-GB\",\"potentialAction\":[{\"@type\":\"ReadAction\",\"target\":[\"http:\/\/essenciarestaurant.hu\/en\/impress\/\"]}]},{\"@type\":\"BreadcrumbList\",\"@id\":\"http:\/\/essenciarestaurant.hu\/en\/impress\/#breadcrumb\",\"itemListElement\":[{\"@type\":\"ListItem\",\"position\":1,\"name\":\"Kezd\u0151lap\",\"item\":\"https:\/\/essenciarestaurant.hu\/\"},{\"@type\":\"ListItem\",\"position\":2,\"name\":\"Impresszum\"}]},{\"@type\":\"WebSite\",\"@id\":\"https:\/\/essenciarestaurant.hu\/en\/#website\",\"url\":\"https:\/\/essenciarestaurant.hu\/en\/\",\"name\":\"Essencia Restaurant\",\"description\":\"Essencia Restaurant\",\"potentialAction\":[{\"@type\":\"SearchAction\",\"target\":{\"@type\":\"EntryPoint\",\"urlTemplate\":\"https:\/\/essenciarestaurant.hu\/en\/?s={search_term_string}\"},\"query-input\":{\"@type\":\"PropertyValueSpecification\",\"valueRequired\":true,\"valueName\":\"search_term_string\"}}],\"inLanguage\":\"en-GB\"}]}<\/script>\n<!-- \/ Yoast SEO plugin. -->","yoast_head_json":{"title":"Impresszum - Essencia Restaurant","robots":{"index":"index","follow":"follow","max-snippet":"max-snippet:-1","max-image-preview":"max-image-preview:large","max-video-preview":"max-video-preview:-1"},"canonical":"http:\/\/essenciarestaurant.hu\/en\/impress\/","og_locale":"en_GB","og_type":"article","og_title":"Impresszum - Essencia Restaurant","og_url":"http:\/\/essenciarestaurant.hu\/en\/impress\/","og_site_name":"Essencia Restaurant","article_publisher":"https:\/\/www.facebook.com\/Ess%c3%aancia-Restaurant-Tiago-%c3%89va-105859964299066\/","article_modified_time":"2023-10-03T12:45:13+00:00","og_image":[{"width":1300,"height":693,"url":"https:\/\/essenciarestaurant.hu\/wp-content\/uploads\/2020\/06\/story-featured.jpg","type":"image\/jpeg"}],"twitter_card":"summary_large_image","schema":{"@context":"https:\/\/schema.org","@graph":[{"@type":"WebPage","@id":"http:\/\/essenciarestaurant.hu\/en\/impress\/","url":"http:\/\/essenciarestaurant.hu\/en\/impress\/","name":"Impresszum - Essencia Restaurant","isPartOf":{"@id":"https:\/\/essenciarestaurant.hu\/en\/#website"},"datePublished":"2020-07-17T12:12:46+00:00","dateModified":"2023-10-03T12:45:13+00:00","breadcrumb":{"@id":"http:\/\/essenciarestaurant.hu\/en\/impress\/#breadcrumb"},"inLanguage":"en-GB","potentialAction":[{"@type":"ReadAction","target":["http:\/\/essenciarestaurant.hu\/en\/impress\/"]}]},{"@type":"BreadcrumbList","@id":"http:\/\/essenciarestaurant.hu\/en\/impress\/#breadcrumb","itemListElement":[{"@type":"ListItem","position":1,"name":"Kezd\u0151lap","item":"https:\/\/essenciarestaurant.hu\/"},{"@type":"ListItem","position":2,"name":"Impresszum"}]},{"@type":"WebSite","@id":"https:\/\/essenciarestaurant.hu\/en\/#website","url":"https:\/\/essenciarestaurant.hu\/en\/","name":"Essencia Restaurant","description":"Essencia Restaurant","potentialAction":[{"@type":"SearchAction","target":{"@type":"EntryPoint","urlTemplate":"https:\/\/essenciarestaurant.hu\/en\/?s={search_term_string}"},"query-input":{"@type":"PropertyValueSpecification","valueRequired":true,"valueName":"search_term_string"}}],"inLanguage":"en-GB"}]}},"_links":{"self":[{"href":"https:\/\/essenciarestaurant.hu\/en\/wp-json\/wp\/v2\/pages\/6002","targetHints":{"allow":["GET"]}}],"collection":[{"href":"https:\/\/essenciarestaurant.hu\/en\/wp-json\/wp\/v2\/pages"}],"about":[{"href":"https:\/\/essenciarestaurant.hu\/en\/wp-json\/wp\/v2\/types\/page"}],"author":[{"embeddable":true,"href":"https:\/\/essenciarestaurant.hu\/en\/wp-json\/wp\/v2\/users\/2"}],"replies":[{"embeddable":true,"href":"https:\/\/essenciarestaurant.hu\/en\/wp-json\/wp\/v2\/comments?post=6002"}],"version-history":[{"count":2,"href":"https:\/\/essenciarestaurant.hu\/en\/wp-json\/wp\/v2\/pages\/6002\/revisions"}],"predecessor-version":[{"id":8560,"href":"https:\/\/essenciarestaurant.hu\/en\/wp-json\/wp\/v2\/pages\/6002\/revisions\/8560"}],"wp:attachment":[{"href":"https:\/\/essenciarestaurant.hu\/en\/wp-json\/wp\/v2\/media?parent=6002"}],"curies":[{"name":"wp","href":"https:\/\/api.w.org\/{rel}","templated":true}]}}